{"id":664,"date":"2015-08-27T10:16:48","date_gmt":"2015-08-27T08:16:48","guid":{"rendered":"https:\/\/www.hotelberlin-sindelfingen.de\/en\/zimmer\/"},"modified":"2020-02-07T09:01:50","modified_gmt":"2020-02-07T08:01:50","slug":"rooms","status":"publish","type":"page","link":"https:\/\/www.hotelberlin-sindelfingen.de\/en\/rooms\/","title":{"rendered":"Rooms"},"content":{"rendered":"<div class=\"l-submain wpb_row full_width full_height\"><div class=\"l-submain-h g-html i-cf\"><div class=\"g-cols wpb_row offset_default\"><div class=\"full-width\"><div class=\"wpb_revslider_element wpb_content_element\">\n<div id=\"rev_slider_5_1_wrapper\" class=\"rev_slider_wrapper fullwidthbanner-container\" style=\"margin:0px auto;padding:0px;margin-top:0px;margin-bottom:0px;max-height:245px;\">\n<!-- START REVOLUTION SLIDER 4.6.93 fullwidth mode -->\n\t<div id=\"rev_slider_5_1\" class=\"rev_slider fullwidthabanner\" style=\"display:none;max-height:245px;height:245px;\">\n<ul>\t<!-- SLIDE  -->\n\t<li data-transition=\"slidevertical\" data-slotamount=\"7\" data-masterspeed=\"300\"  data-saveperformance=\"off\" >\n\t\t<!-- MAIN IMAGE -->\n\t\t<img src=\"https:\/\/www.hotelberlin-sindelfingen.de\/wp-content\/uploads\/sites\/4\/2016\/01\/RevSlider2_design.jpg\"  alt=\"RevSlider2_design\"  data-bgposition=\"center top\" data-bgfit=\"cover\" data-bgrepeat=\"no-repeat\">\n\t\t<!-- LAYERS -->\n\t<\/li>\n\t<!-- SLIDE  -->\n\t<li data-transition=\"slidevertical\" data-slotamount=\"7\" data-masterspeed=\"300\"  data-saveperformance=\"off\" >\n\t\t<!-- MAIN IMAGE -->\n\t\t<img src=\"https:\/\/www.hotelberlin-sindelfingen.de\/wp-content\/uploads\/sites\/4\/2016\/01\/RevSlider2_au\u00dfen.jpg\"  alt=\"RevSlider2_au\u00dfen\"  data-bgposition=\"center top\" data-bgfit=\"cover\" data-bgrepeat=\"no-repeat\">\n\t\t<!-- LAYERS -->\n\t<\/li>\n\t<!-- SLIDE  -->\n\t<li data-transition=\"slidevertical\" data-slotamount=\"7\" data-masterspeed=\"300\"  data-saveperformance=\"off\" >\n\t\t<!-- MAIN IMAGE -->\n\t\t<img src=\"https:\/\/www.hotelberlin-sindelfingen.de\/wp-content\/uploads\/sites\/4\/2016\/01\/RevSlider2_pool.jpg\"  alt=\"RevSlider2_pool\"  data-bgposition=\"center top\" data-bgfit=\"cover\" data-bgrepeat=\"no-repeat\">\n\t\t<!-- LAYERS -->\n\t<\/li>\n<\/ul>\n<div class=\"tp-bannertimer tp-bottom\" style=\"visibility: hidden !important;\"><\/div>\t<\/div>\n<\/div><!-- END REVOLUTION SLIDER --><\/div><\/div><\/div><\/div><\/div><div class=\"l-submain wpb_row\"><div class=\"l-submain-h g-html i-cf\"><!-- Row Backgrounds --><div class=\"upb_no_bg\" data-fadeout=\"\" data-fadeout-percentage=\"30\" data-parallax-content=\"\" data-parallax-content-sense=\"30\" data-row-effect-mobile-disable=\"true\" data-img-parallax-mobile-disable=\"true\" data-rtl=\"false\"  data-custom-vc-row=\"\"  data-vc=\"4.5.2\"  data-theme-support=\"\"    ><\/div><div class=\"g-cols wpb_row offset_default\"><div class=\"full-width\">\n\t<div class=\"wpb_text_column \">\n\t\t<div class=\"wpb_wrapper\">\n\t\t\t\n<h1 style=\"text-align: center\">Need an overnight stay near Stuttgart?<br \/>\n\n\t\t<\/div> \n\t<\/div> <div class=\"g-cols wpb_row offset_default  vc_custom_1441811250212\"><div class=\"one-half\">\n\t<div class=\"wpb_text_column \">\n\t\t<div class=\"wpb_wrapper\">\n\t\t\t<\/h1>\n<h3 style=\"text-align: center\">Renovation completed!<\/h3>\n<p>In January 2020 we have completed the first renovation phase. We proudly present our new room category <strong>business<\/strong>. Those rooms are equipped with intelligent amenities for business travellers such as: queensize-bed for a good night rest, a modern bathroom, balcony, usb-charging-plugs, inductive power station for your smartphone and a nice desktop.<\/p>\n<p>WE offer three room categories: Classic, Business, Business Plus \n\t\t<\/div> \n\t<\/div> <\/div><div class=\"one-half\">\n\t<div class=\"wpb_text_column \">\n\t\t<div class=\"wpb_wrapper\">\n\t\t\t\n<p>Are you travelling on business or looking for an overnight stay in Stuttgart and the surrounding area? Do you want to see one of the great musicals in Stuttgart and have a relaxing and affordable stay in the area? Do you want to celebrate on the Canstatter Wasen and get to your accommodation quickly and safely? Then you\u2019ve found the right place. The airport is not far from HOTEL BERLIN either.<\/p>\n<p>In any case, as the motto goes: my home is my castle. When you stay at our hotel, you should at least feel a bit like you are in your own home. Our wonderful and delicious breakfast buffet can be booked easily.<\/p>\n\n\t\t<\/div> \n\t<\/div> <\/div><\/div><div class=\"g-cols wpb_row offset_default\"><div class=\"one-third\"><a class=\"bb-link\" href=\"http:\/\/www.hotelberlin-sindelfingen.de\/en\/rooms\/classic\" >\n<div class=\"ult-banner-block  banner-style11 \"  data-animation=\"\" data-animation-delay=\"03\" style=\"\">\n\t<img src=\"https:\/\/www.hotelberlin-sindelfingen.de\/wp-content\/uploads\/sites\/4\/2015\/08\/Classiczimmer.jpg\" alt=\"\">\n\t<div class=\"mask opaque-background\" style=\"background:rgba(36,36,36,0.56);\">\n\t\t<p class=\"bb-description\" style=\"font-weight:normal;font-size:24px;color:#ffffff;\">Clean, friendly, on budget. Just classic.<\/p>\n\t<\/div>\n<\/div><\/a>\n\t<div class=\"wpb_text_column \">\n\t\t<div class=\"wpb_wrapper\">\n\t\t\t\n<h3>Classic<\/h3>\n<p>Our classic rooms allow you to enjoy high-class accommodation at a reasonable price. They are not the newest ones, but they meet all your high standards. All services such as spa area, free parking in front of the hotel etc. are included.\n\t\t<\/div> \n\t<\/div> <span class=\"wpb_button align_left\"><a href=\"\/en\/rooms\/classic\" class=\"g-btn color_primary size_big outlined\"><span>Show more<\/span><\/a><\/span>\n<\/div><div class=\"one-third\"><a class=\"bb-link\" href=\"http:\/\/www.hotelberlin-sindelfingen.de\/en\/rooms\/business\/\" >\n<div class=\"ult-banner-block  banner-style11 \"  data-animation=\"\" data-animation-delay=\"03\" style=\"\">\n\t<img src=\"https:\/\/www.hotelberlin-sindelfingen.de\/wp-content\/uploads\/sites\/4\/2020\/02\/Zimmer_001.jpg\" alt=\"\">\n\t<div class=\"mask opaque-background\" style=\"background:rgba(36,36,36,0.55);\">\n\t\t<p class=\"bb-description\" style=\"font-weight:normal;font-size:24px;color:#ffffff;\">Top aktuell und neu renoviert!<\/p>\n\t<\/div>\n<\/div><\/a>\n\t<div class=\"wpb_text_column \">\n\t\t<div class=\"wpb_wrapper\">\n\t\t\t\n<h3>Business<\/h3>\n<p>Our recently renovated rooms of the category &#8220;business&#8221; convince with modern business amenities such as inductive power station, queensize bed, usb-chargers, private balcony and a modern bathroom with shower. \n\t\t<\/div> \n\t<\/div> <span class=\"wpb_button align_left\"><a href=\"\/en\/rooms\/business\" class=\"g-btn color_primary size_big outlined\"><span>Show more<\/span><\/a><\/span>\n<\/div>\n<div class=\"one-third\"><a class=\"bb-link\" href=\"http:\/\/www.hotelberlin-sindelfingen.de\/en\/rooms\/businessplus\/\" >\n<div class=\"ult-banner-block  banner-style11 \"  data-animation=\"\" data-animation-delay=\"03\" style=\"\">\n\t<img src=\"https:\/\/www.hotelberlin-sindelfingen.de\/wp-content\/uploads\/sites\/4\/2015\/08\/Designzimmer.jpg\" alt=\"\">\n\t<div class=\"mask opaque-background\" style=\"background:rgba(36,36,36,0.55);\">\n\t\t<p class=\"bb-description\" style=\"font-weight:normal;font-size:24px;color:#ffffff;\">Modern, high-class, aesthetic. Business Plus!<\/p>\n\t<\/div>\n<\/div><\/a>\n\t<div class=\"wpb_text_column \">\n\t\t<div class=\"wpb_wrapper\">\n\t\t\t\n<h3>Business +<\/h3>\n<p>The category business plus offers extra comfort and are equipped with high-quality furnishings and a striking bathroom. The rooms are very spacious and offer everything you need for a good night rest. \n\t\t<\/div> \n\t<\/div> <span class=\"wpb_button align_left\"><a href=\"\/en\/rooms\/businessplus\" class=\"g-btn color_primary size_big outlined\"><span>Show more<\/span><\/a><\/span>\n<\/div>\n<\/div><\/div><\/div><!-- Row Backgrounds --><div class=\"upb_no_bg\" data-fadeout=\"\" data-fadeout-percentage=\"\" data-parallax-content=\"\" data-parallax-content-sense=\"\" data-row-effect-mobile-disable=\"true\" data-img-parallax-mobile-disable=\"true\" data-rtl=\"false\"  data-custom-vc-row=\"\"  data-vc=\"4.5.2\"  data-theme-support=\"\"    ><\/div>\n<\/div><\/div>","protected":false},"excerpt":{"rendered":"[section background=\"\" bg_color=\"\" text_color=\"\" img=\"\" full_width=\"1\" full_height=\"1\"] [\/section] Need an overnight stay near Stuttgart? Renovation completed! In January 2020 we have completed the first renovation phase. We proudly present our new room category business. Those rooms are equipped with intelligent...","protected":false},"author":7,"featured_media":0,"parent":0,"menu_order":2,"comment_status":"closed","ping_status":"closed","template":"","meta":[],"yoast_head":"<title>\u00dcbernachtung Stuttgart - Preiswerte Zimmer in Stuttgart<\/title>\n<meta name=\"description\" content=\"Nutzen Sie die M\u00f6glichkeit einer \u00dcbernachtung in Stuttgart im Hotel Berlin Sindelfingen! Erfahren Sie alles zu den Zimmern und m\u00f6gliche Angebote.\" \/>\n<meta name=\"robots\" content=\"index, follow, max-snippet:-1, max-image-preview:large, max-video-preview:-1\" \/>\n<link rel=\"canonical\" href=\"https:\/\/www.hotelberlin-sindelfingen.de\/en\/rooms\/\" \/>\n<meta property=\"og:locale\" content=\"en_US\" \/>\n<meta property=\"og:type\" content=\"article\" \/>\n<meta property=\"og:title\" content=\"\u00dcbernachtung Stuttgart - Preiswerte Zimmer in Stuttgart\" \/>\n<meta property=\"og:description\" content=\"Nutzen Sie die M\u00f6glichkeit einer \u00dcbernachtung in Stuttgart im Hotel Berlin Sindelfingen! Erfahren Sie alles zu den Zimmern und m\u00f6gliche Angebote.\" \/>\n<meta property=\"og:url\" content=\"https:\/\/www.hotelberlin-sindelfingen.de\/en\/rooms\/\" \/>\n<meta property=\"og:site_name\" content=\"Hotel Berlin Sindelfingen\" \/>\n<meta property=\"article:modified_time\" content=\"2020-02-07T08:01:50+00:00\" \/>\n<meta name=\"twitter:card\" content=\"summary_large_image\" \/>\n<meta name=\"twitter:label1\" content=\"Est. reading time\" \/>\n\t<meta name=\"twitter:data1\" content=\"5 minutes\" \/>\n<script type=\"application\/ld+json\" class=\"yoast-schema-graph\">{\"@context\":\"https:\/\/schema.org\",\"@graph\":[{\"@type\":\"WebPage\",\"@id\":\"https:\/\/www.hotelberlin-sindelfingen.de\/en\/rooms\/\",\"url\":\"https:\/\/www.hotelberlin-sindelfingen.de\/en\/rooms\/\",\"name\":\"\u00dcbernachtung Stuttgart - Preiswerte Zimmer in Stuttgart\",\"isPartOf\":{\"@id\":\"https:\/\/www.hotelberlin-sindelfingen.de\/#website\"},\"datePublished\":\"2015-08-27T08:16:48+00:00\",\"dateModified\":\"2020-02-07T08:01:50+00:00\",\"description\":\"Nutzen Sie die M\u00f6glichkeit einer \u00dcbernachtung in Stuttgart im Hotel Berlin Sindelfingen! Erfahren Sie alles zu den Zimmern und m\u00f6gliche Angebote.\",\"breadcrumb\":{\"@id\":\"https:\/\/www.hotelberlin-sindelfingen.de\/en\/rooms\/#breadcrumb\"},\"inLanguage\":\"en-US\",\"potentialAction\":[{\"@type\":\"ReadAction\",\"target\":[\"https:\/\/www.hotelberlin-sindelfingen.de\/en\/rooms\/\"]}]},{\"@type\":\"BreadcrumbList\",\"@id\":\"https:\/\/www.hotelberlin-sindelfingen.de\/en\/rooms\/#breadcrumb\",\"itemListElement\":[{\"@type\":\"ListItem\",\"position\":1,\"name\":\"Home\",\"item\":\"https:\/\/www.hotelberlin-sindelfingen.de\/en\/\"},{\"@type\":\"ListItem\",\"position\":2,\"name\":\"Rooms\"}]},{\"@type\":\"WebSite\",\"@id\":\"https:\/\/www.hotelberlin-sindelfingen.de\/#website\",\"url\":\"https:\/\/www.hotelberlin-sindelfingen.de\/\",\"name\":\"Hotel Berlin Sindelfingen\",\"description\":\"Eine weitere aZIS Hotel-Gruppe Seite\",\"potentialAction\":[{\"@type\":\"SearchAction\",\"target\":{\"@type\":\"EntryPoint\",\"urlTemplate\":\"https:\/\/www.hotelberlin-sindelfingen.de\/?s={search_term_string}\"},\"query-input\":\"required name=search_term_string\"}],\"inLanguage\":\"en-US\"}]}<\/script>","yoast_head_json":{"title":"\u00dcbernachtung Stuttgart - Preiswerte Zimmer in Stuttgart","description":"Nutzen Sie die M\u00f6glichkeit einer \u00dcbernachtung in Stuttgart im Hotel Berlin Sindelfingen! Erfahren Sie alles zu den Zimmern und m\u00f6gliche Angebote.","robots":{"index":"index","follow":"follow","max-snippet":"max-snippet:-1","max-image-preview":"max-image-preview:large","max-video-preview":"max-video-preview:-1"},"canonical":"https:\/\/www.hotelberlin-sindelfingen.de\/en\/rooms\/","og_locale":"en_US","og_type":"article","og_title":"\u00dcbernachtung Stuttgart - Preiswerte Zimmer in Stuttgart","og_description":"Nutzen Sie die M\u00f6glichkeit einer \u00dcbernachtung in Stuttgart im Hotel Berlin Sindelfingen! Erfahren Sie alles zu den Zimmern und m\u00f6gliche Angebote.","og_url":"https:\/\/www.hotelberlin-sindelfingen.de\/en\/rooms\/","og_site_name":"Hotel Berlin Sindelfingen","article_modified_time":"2020-02-07T08:01:50+00:00","twitter_card":"summary_large_image","twitter_misc":{"Est. reading time":"5 minutes"},"schema":{"@context":"https:\/\/schema.org","@graph":[{"@type":"WebPage","@id":"https:\/\/www.hotelberlin-sindelfingen.de\/en\/rooms\/","url":"https:\/\/www.hotelberlin-sindelfingen.de\/en\/rooms\/","name":"\u00dcbernachtung Stuttgart - Preiswerte Zimmer in Stuttgart","isPartOf":{"@id":"https:\/\/www.hotelberlin-sindelfingen.de\/#website"},"datePublished":"2015-08-27T08:16:48+00:00","dateModified":"2020-02-07T08:01:50+00:00","description":"Nutzen Sie die M\u00f6glichkeit einer \u00dcbernachtung in Stuttgart im Hotel Berlin Sindelfingen! Erfahren Sie alles zu den Zimmern und m\u00f6gliche Angebote.","breadcrumb":{"@id":"https:\/\/www.hotelberlin-sindelfingen.de\/en\/rooms\/#breadcrumb"},"inLanguage":"en-US","potentialAction":[{"@type":"ReadAction","target":["https:\/\/www.hotelberlin-sindelfingen.de\/en\/rooms\/"]}]},{"@type":"BreadcrumbList","@id":"https:\/\/www.hotelberlin-sindelfingen.de\/en\/rooms\/#breadcrumb","itemListElement":[{"@type":"ListItem","position":1,"name":"Home","item":"https:\/\/www.hotelberlin-sindelfingen.de\/en\/"},{"@type":"ListItem","position":2,"name":"Rooms"}]},{"@type":"WebSite","@id":"https:\/\/www.hotelberlin-sindelfingen.de\/#website","url":"https:\/\/www.hotelberlin-sindelfingen.de\/","name":"Hotel Berlin Sindelfingen","description":"Eine weitere aZIS Hotel-Gruppe Seite","potentialAction":[{"@type":"SearchAction","target":{"@type":"EntryPoint","urlTemplate":"https:\/\/www.hotelberlin-sindelfingen.de\/?s={search_term_string}"},"query-input":"required name=search_term_string"}],"inLanguage":"en-US"}]}},"_links":{"self":[{"href":"https:\/\/www.hotelberlin-sindelfingen.de\/en\/wp-json\/wp\/v2\/pages\/664"}],"collection":[{"href":"https:\/\/www.hotelberlin-sindelfingen.de\/en\/wp-json\/wp\/v2\/pages"}],"about":[{"href":"https:\/\/www.hotelberlin-sindelfingen.de\/en\/wp-json\/wp\/v2\/types\/page"}],"author":[{"embeddable":true,"href":"https:\/\/www.hotelberlin-sindelfingen.de\/en\/wp-json\/wp\/v2\/users\/7"}],"replies":[{"embeddable":true,"href":"https:\/\/www.hotelberlin-sindelfingen.de\/en\/wp-json\/wp\/v2\/comments?post=664"}],"version-history":[{"count":12,"href":"https:\/\/www.hotelberlin-sindelfingen.de\/en\/wp-json\/wp\/v2\/pages\/664\/revisions"}],"predecessor-version":[{"id":919,"href":"https:\/\/www.hotelberlin-sindelfingen.de\/en\/wp-json\/wp\/v2\/pages\/664\/revisions\/919"}],"wp:attachment":[{"href":"https:\/\/www.hotelberlin-sindelfingen.de\/en\/wp-json\/wp\/v2\/media?parent=664"}],"curies":[{"name":"wp","href":"https:\/\/api.w.org\/{rel}","templated":true}]}}