{"id":688,"date":"2015-08-27T10:16:48","date_gmt":"2015-08-27T08:16:48","guid":{"rendered":"https:\/\/www.hotelberlin-sindelfingen.de\/en\/fotogalerie\/"},"modified":"2022-07-11T15:12:55","modified_gmt":"2022-07-11T13:12:55","slug":"fotogalerie","status":"publish","type":"page","link":"https:\/\/www.hotelberlin-sindelfingen.de\/en\/fotogalerie\/","title":{"rendered":"Fotogalerie"},"content":{"rendered":"<div class=\"l-submain wpb_row\"><div class=\"l-submain-h g-html i-cf\"><div class=\"g-cols wpb_row offset_default\"><div class=\"full-width\">\n\t<div class=\"wpb_text_column \">\n\t\t<div class=\"wpb_wrapper\">\n\t\t\t\n<h1 style=\"text-align: center;\">Hotel Berlin Sindelfingen<\/h1>\n\n\t\t<\/div> \n\t<\/div> <\/div><\/div><!-- Row Backgrounds --><div class=\"upb_no_bg\" data-fadeout=\"\" data-fadeout-percentage=\"\" data-parallax-content=\"\" data-parallax-content-sense=\"\" data-row-effect-mobile-disable=\"true\" data-img-parallax-mobile-disable=\"true\" data-rtl=\"false\"  data-custom-vc-row=\"\"  data-vc=\"4.5.2\"  data-theme-support=\"\"    ><\/div><div class=\"g-cols wpb_row offset_default  vc_custom_1453129392251\"><div class=\"full-width\"><div id=\"gallery_817216\" class=\"w-gallery columns_4 type_masonry with_indents\"> <div class=\"w-gallery-tnails\"><a class=\"w-gallery-tnail order_1\" href=\"https:\/\/www.hotelberlin-sindelfingen.de\/wp-content\/uploads\/sites\/4\/2015\/08\/Carousel12.jpg\" title=\"Hotel Berlin\"><img width=\"600\" height=\"600\" src=\"https:\/\/www.hotelberlin-sindelfingen.de\/wp-content\/uploads\/sites\/4\/2015\/08\/Carousel12-600x600.jpg\" class=\"w-gallery-tnail-img\" alt=\"\" decoding=\"async\" loading=\"lazy\" srcset=\"https:\/\/www.hotelberlin-sindelfingen.de\/wp-content\/uploads\/sites\/4\/2015\/08\/Carousel12-600x600.jpg 600w, https:\/\/www.hotelberlin-sindelfingen.de\/wp-content\/uploads\/sites\/4\/2015\/08\/Carousel12-150x150.jpg 150w, https:\/\/www.hotelberlin-sindelfingen.de\/wp-content\/uploads\/sites\/4\/2015\/08\/Carousel12-300x300.jpg 300w, https:\/\/www.hotelberlin-sindelfingen.de\/wp-content\/uploads\/sites\/4\/2015\/08\/Carousel12-350x350.jpg 350w, https:\/\/www.hotelberlin-sindelfingen.de\/wp-content\/uploads\/sites\/4\/2015\/08\/Carousel12-400x400.jpg 400w, https:\/\/www.hotelberlin-sindelfingen.de\/wp-content\/uploads\/sites\/4\/2015\/08\/Carousel12.jpg 800w\" sizes=\"(max-width: 600px) 100vw, 600px\" \/><span class=\"w-gallery-tnail-title\">Hotel Berlin<\/span><\/a><a class=\"w-gallery-tnail order_2\" href=\"https:\/\/www.hotelberlin-sindelfingen.de\/wp-content\/uploads\/sites\/4\/2015\/08\/Gal13.jpg\" title=\"Hotel Berlin\"><img width=\"600\" height=\"400\" src=\"https:\/\/www.hotelberlin-sindelfingen.de\/wp-content\/uploads\/sites\/4\/2015\/08\/Gal13-600x400.jpg\" class=\"w-gallery-tnail-img\" alt=\"\" decoding=\"async\" loading=\"lazy\" srcset=\"https:\/\/www.hotelberlin-sindelfingen.de\/wp-content\/uploads\/sites\/4\/2015\/08\/Gal13-600x400.jpg 600w, https:\/\/www.hotelberlin-sindelfingen.de\/wp-content\/uploads\/sites\/4\/2015\/08\/Gal13-300x200.jpg 300w, https:\/\/www.hotelberlin-sindelfingen.de\/wp-content\/uploads\/sites\/4\/2015\/08\/Gal13-150x100.jpg 150w, https:\/\/www.hotelberlin-sindelfingen.de\/wp-content\/uploads\/sites\/4\/2015\/08\/Gal13.jpg 1000w\" sizes=\"(max-width: 600px) 100vw, 600px\" \/><span class=\"w-gallery-tnail-title\">Hotel Berlin<\/span><\/a><a class=\"w-gallery-tnail order_3\" href=\"https:\/\/www.hotelberlin-sindelfingen.de\/wp-content\/uploads\/sites\/4\/2015\/08\/Gal1.jpg\" title=\"Fr\u00fchst\u00fccksbuffet\"><img width=\"600\" height=\"400\" src=\"https:\/\/www.hotelberlin-sindelfingen.de\/wp-content\/uploads\/sites\/4\/2015\/08\/Gal1-600x400.jpg\" class=\"w-gallery-tnail-img\" alt=\"\" decoding=\"async\" loading=\"lazy\" srcset=\"https:\/\/www.hotelberlin-sindelfingen.de\/wp-content\/uploads\/sites\/4\/2015\/08\/Gal1-600x400.jpg 600w, https:\/\/www.hotelberlin-sindelfingen.de\/wp-content\/uploads\/sites\/4\/2015\/08\/Gal1-300x200.jpg 300w, https:\/\/www.hotelberlin-sindelfingen.de\/wp-content\/uploads\/sites\/4\/2015\/08\/Gal1-150x100.jpg 150w, https:\/\/www.hotelberlin-sindelfingen.de\/wp-content\/uploads\/sites\/4\/2015\/08\/Gal1.jpg 1000w\" sizes=\"(max-width: 600px) 100vw, 600px\" \/><span class=\"w-gallery-tnail-title\">Fr\u00fchst\u00fccksbuffet<\/span><\/a><a class=\"w-gallery-tnail order_4\" href=\"https:\/\/www.hotelberlin-sindelfingen.de\/wp-content\/uploads\/sites\/4\/2015\/08\/Gal2.jpg\" title=\"Fr\u00fchst\u00fccksbuffet\"><img width=\"600\" height=\"400\" src=\"https:\/\/www.hotelberlin-sindelfingen.de\/wp-content\/uploads\/sites\/4\/2015\/08\/Gal2-600x400.jpg\" class=\"w-gallery-tnail-img\" alt=\"\" decoding=\"async\" loading=\"lazy\" srcset=\"https:\/\/www.hotelberlin-sindelfingen.de\/wp-content\/uploads\/sites\/4\/2015\/08\/Gal2-600x400.jpg 600w, https:\/\/www.hotelberlin-sindelfingen.de\/wp-content\/uploads\/sites\/4\/2015\/08\/Gal2-300x200.jpg 300w, https:\/\/www.hotelberlin-sindelfingen.de\/wp-content\/uploads\/sites\/4\/2015\/08\/Gal2-150x100.jpg 150w, https:\/\/www.hotelberlin-sindelfingen.de\/wp-content\/uploads\/sites\/4\/2015\/08\/Gal2.jpg 1000w\" sizes=\"(max-width: 600px) 100vw, 600px\" \/><span class=\"w-gallery-tnail-title\">Fr\u00fchst\u00fccksbuffet<\/span><\/a><a class=\"w-gallery-tnail order_5\" href=\"https:\/\/www.hotelberlin-sindelfingen.de\/wp-content\/uploads\/sites\/4\/2015\/08\/Gal3.jpg\" title=\"Fr\u00fchst\u00fccksbuffet\"><img width=\"600\" height=\"400\" src=\"https:\/\/www.hotelberlin-sindelfingen.de\/wp-content\/uploads\/sites\/4\/2015\/08\/Gal3-600x400.jpg\" class=\"w-gallery-tnail-img\" alt=\"\" decoding=\"async\" loading=\"lazy\" srcset=\"https:\/\/www.hotelberlin-sindelfingen.de\/wp-content\/uploads\/sites\/4\/2015\/08\/Gal3-600x400.jpg 600w, https:\/\/www.hotelberlin-sindelfingen.de\/wp-content\/uploads\/sites\/4\/2015\/08\/Gal3-300x200.jpg 300w, https:\/\/www.hotelberlin-sindelfingen.de\/wp-content\/uploads\/sites\/4\/2015\/08\/Gal3-150x100.jpg 150w, https:\/\/www.hotelberlin-sindelfingen.de\/wp-content\/uploads\/sites\/4\/2015\/08\/Gal3.jpg 1000w\" sizes=\"(max-width: 600px) 100vw, 600px\" \/><span class=\"w-gallery-tnail-title\">Fr\u00fchst\u00fccksbuffet<\/span><\/a><a class=\"w-gallery-tnail order_6\" href=\"https:\/\/www.hotelberlin-sindelfingen.de\/wp-content\/uploads\/sites\/4\/2015\/08\/Gal4.jpg\" title=\"Bistro\"><img width=\"600\" height=\"400\" src=\"https:\/\/www.hotelberlin-sindelfingen.de\/wp-content\/uploads\/sites\/4\/2015\/08\/Gal4-600x400.jpg\" class=\"w-gallery-tnail-img\" alt=\"\" decoding=\"async\" loading=\"lazy\" srcset=\"https:\/\/www.hotelberlin-sindelfingen.de\/wp-content\/uploads\/sites\/4\/2015\/08\/Gal4-600x400.jpg 600w, https:\/\/www.hotelberlin-sindelfingen.de\/wp-content\/uploads\/sites\/4\/2015\/08\/Gal4-300x200.jpg 300w, https:\/\/www.hotelberlin-sindelfingen.de\/wp-content\/uploads\/sites\/4\/2015\/08\/Gal4-150x100.jpg 150w, https:\/\/www.hotelberlin-sindelfingen.de\/wp-content\/uploads\/sites\/4\/2015\/08\/Gal4.jpg 1000w\" sizes=\"(max-width: 600px) 100vw, 600px\" \/><span class=\"w-gallery-tnail-title\">Bistro<\/span><\/a><a class=\"w-gallery-tnail order_7\" href=\"https:\/\/www.hotelberlin-sindelfingen.de\/wp-content\/uploads\/sites\/4\/2015\/08\/Gal5.jpg\" title=\"Hotel Berlin\"><img width=\"600\" height=\"606\" src=\"https:\/\/www.hotelberlin-sindelfingen.de\/wp-content\/uploads\/sites\/4\/2015\/08\/Gal5-600x606.jpg\" class=\"w-gallery-tnail-img\" alt=\"\" decoding=\"async\" loading=\"lazy\" srcset=\"https:\/\/www.hotelberlin-sindelfingen.de\/wp-content\/uploads\/sites\/4\/2015\/08\/Gal5-600x606.jpg 600w, https:\/\/www.hotelberlin-sindelfingen.de\/wp-content\/uploads\/sites\/4\/2015\/08\/Gal5-297x300.jpg 297w, https:\/\/www.hotelberlin-sindelfingen.de\/wp-content\/uploads\/sites\/4\/2015\/08\/Gal5-150x152.jpg 150w, https:\/\/www.hotelberlin-sindelfingen.de\/wp-content\/uploads\/sites\/4\/2015\/08\/Gal5-396x400.jpg 396w, https:\/\/www.hotelberlin-sindelfingen.de\/wp-content\/uploads\/sites\/4\/2015\/08\/Gal5.jpg 1000w\" sizes=\"(max-width: 600px) 100vw, 600px\" \/><span class=\"w-gallery-tnail-title\">Hotel Berlin<\/span><\/a><a class=\"w-gallery-tnail order_8\" href=\"https:\/\/www.hotelberlin-sindelfingen.de\/wp-content\/uploads\/sites\/4\/2015\/08\/Gal6.jpg\" title=\"Eingang\"><img width=\"600\" height=\"601\" src=\"https:\/\/www.hotelberlin-sindelfingen.de\/wp-content\/uploads\/sites\/4\/2015\/08\/Gal6-600x601.jpg\" class=\"w-gallery-tnail-img\" alt=\"\" decoding=\"async\" loading=\"lazy\" srcset=\"https:\/\/www.hotelberlin-sindelfingen.de\/wp-content\/uploads\/sites\/4\/2015\/08\/Gal6-600x601.jpg 600w, https:\/\/www.hotelberlin-sindelfingen.de\/wp-content\/uploads\/sites\/4\/2015\/08\/Gal6-150x150.jpg 150w, https:\/\/www.hotelberlin-sindelfingen.de\/wp-content\/uploads\/sites\/4\/2015\/08\/Gal6-300x300.jpg 300w, https:\/\/www.hotelberlin-sindelfingen.de\/wp-content\/uploads\/sites\/4\/2015\/08\/Gal6-350x350.jpg 350w, https:\/\/www.hotelberlin-sindelfingen.de\/wp-content\/uploads\/sites\/4\/2015\/08\/Gal6-399x400.jpg 399w, https:\/\/www.hotelberlin-sindelfingen.de\/wp-content\/uploads\/sites\/4\/2015\/08\/Gal6.jpg 1000w\" sizes=\"(max-width: 600px) 100vw, 600px\" \/><span class=\"w-gallery-tnail-title\">Eingang<\/span><\/a><a class=\"w-gallery-tnail order_9\" href=\"https:\/\/www.hotelberlin-sindelfingen.de\/wp-content\/uploads\/sites\/4\/2015\/08\/gal7.jpg\" title=\"Bad Designzimmer\"><img width=\"600\" height=\"899\" src=\"https:\/\/www.hotelberlin-sindelfingen.de\/wp-content\/uploads\/sites\/4\/2015\/08\/gal7-600x899.jpg\" class=\"w-gallery-tnail-img\" alt=\"\" decoding=\"async\" loading=\"lazy\" srcset=\"https:\/\/www.hotelberlin-sindelfingen.de\/wp-content\/uploads\/sites\/4\/2015\/08\/gal7-600x899.jpg 600w, https:\/\/www.hotelberlin-sindelfingen.de\/wp-content\/uploads\/sites\/4\/2015\/08\/gal7-200x300.jpg 200w, https:\/\/www.hotelberlin-sindelfingen.de\/wp-content\/uploads\/sites\/4\/2015\/08\/gal7-684x1024.jpg 684w, https:\/\/www.hotelberlin-sindelfingen.de\/wp-content\/uploads\/sites\/4\/2015\/08\/gal7-400x600.jpg 400w, https:\/\/www.hotelberlin-sindelfingen.de\/wp-content\/uploads\/sites\/4\/2015\/08\/gal7-150x225.jpg 150w, https:\/\/www.hotelberlin-sindelfingen.de\/wp-content\/uploads\/sites\/4\/2015\/08\/gal7-267x400.jpg 267w, https:\/\/www.hotelberlin-sindelfingen.de\/wp-content\/uploads\/sites\/4\/2015\/08\/gal7.jpg 1000w\" sizes=\"(max-width: 600px) 100vw, 600px\" \/><span class=\"w-gallery-tnail-title\">Bad Designzimmer<\/span><\/a><a class=\"w-gallery-tnail order_10\" href=\"https:\/\/www.hotelberlin-sindelfingen.de\/wp-content\/uploads\/sites\/4\/2015\/08\/Gal8.jpg\" title=\"Designzimmer\"><img width=\"600\" height=\"400\" src=\"https:\/\/www.hotelberlin-sindelfingen.de\/wp-content\/uploads\/sites\/4\/2015\/08\/Gal8-600x400.jpg\" class=\"w-gallery-tnail-img\" alt=\"\" decoding=\"async\" loading=\"lazy\" srcset=\"https:\/\/www.hotelberlin-sindelfingen.de\/wp-content\/uploads\/sites\/4\/2015\/08\/Gal8-600x400.jpg 600w, https:\/\/www.hotelberlin-sindelfingen.de\/wp-content\/uploads\/sites\/4\/2015\/08\/Gal8-300x200.jpg 300w, https:\/\/www.hotelberlin-sindelfingen.de\/wp-content\/uploads\/sites\/4\/2015\/08\/Gal8-150x100.jpg 150w, https:\/\/www.hotelberlin-sindelfingen.de\/wp-content\/uploads\/sites\/4\/2015\/08\/Gal8.jpg 1000w\" sizes=\"(max-width: 600px) 100vw, 600px\" \/><span class=\"w-gallery-tnail-title\">Designzimmer<\/span><\/a><a class=\"w-gallery-tnail order_11\" href=\"https:\/\/www.hotelberlin-sindelfingen.de\/wp-content\/uploads\/sites\/4\/2015\/08\/Gal9.jpg\" title=\"Rezeption\"><img width=\"600\" height=\"400\" src=\"https:\/\/www.hotelberlin-sindelfingen.de\/wp-content\/uploads\/sites\/4\/2015\/08\/Gal9-600x400.jpg\" class=\"w-gallery-tnail-img\" alt=\"\" decoding=\"async\" loading=\"lazy\" srcset=\"https:\/\/www.hotelberlin-sindelfingen.de\/wp-content\/uploads\/sites\/4\/2015\/08\/Gal9-600x400.jpg 600w, https:\/\/www.hotelberlin-sindelfingen.de\/wp-content\/uploads\/sites\/4\/2015\/08\/Gal9-300x200.jpg 300w, https:\/\/www.hotelberlin-sindelfingen.de\/wp-content\/uploads\/sites\/4\/2015\/08\/Gal9-150x100.jpg 150w, https:\/\/www.hotelberlin-sindelfingen.de\/wp-content\/uploads\/sites\/4\/2015\/08\/Gal9.jpg 1000w\" sizes=\"(max-width: 600px) 100vw, 600px\" \/><span class=\"w-gallery-tnail-title\">Rezeption<\/span><\/a><a class=\"w-gallery-tnail order_12\" href=\"https:\/\/www.hotelberlin-sindelfingen.de\/wp-content\/uploads\/sites\/4\/2015\/08\/Gal10.jpg\" title=\"Fr\u00fchst\u00fccksraum\"><img width=\"600\" height=\"244\" src=\"https:\/\/www.hotelberlin-sindelfingen.de\/wp-content\/uploads\/sites\/4\/2015\/08\/Gal10-600x244.jpg\" class=\"w-gallery-tnail-img\" alt=\"\" decoding=\"async\" loading=\"lazy\" srcset=\"https:\/\/www.hotelberlin-sindelfingen.de\/wp-content\/uploads\/sites\/4\/2015\/08\/Gal10-600x244.jpg 600w, https:\/\/www.hotelberlin-sindelfingen.de\/wp-content\/uploads\/sites\/4\/2015\/08\/Gal10-300x122.jpg 300w, https:\/\/www.hotelberlin-sindelfingen.de\/wp-content\/uploads\/sites\/4\/2015\/08\/Gal10-150x61.jpg 150w, https:\/\/www.hotelberlin-sindelfingen.de\/wp-content\/uploads\/sites\/4\/2015\/08\/Gal10.jpg 1000w\" sizes=\"(max-width: 600px) 100vw, 600px\" \/><span class=\"w-gallery-tnail-title\">Fr\u00fchst\u00fccksraum<\/span><\/a><a class=\"w-gallery-tnail order_13\" href=\"https:\/\/www.hotelberlin-sindelfingen.de\/wp-content\/uploads\/sites\/4\/2015\/08\/Gal11.jpg\" title=\"Fr\u00fchst\u00fcck\"><img width=\"600\" height=\"401\" src=\"https:\/\/www.hotelberlin-sindelfingen.de\/wp-content\/uploads\/sites\/4\/2015\/08\/Gal11-600x401.jpg\" class=\"w-gallery-tnail-img\" alt=\"\" decoding=\"async\" loading=\"lazy\" srcset=\"https:\/\/www.hotelberlin-sindelfingen.de\/wp-content\/uploads\/sites\/4\/2015\/08\/Gal11-600x400.jpg 600w, https:\/\/www.hotelberlin-sindelfingen.de\/wp-content\/uploads\/sites\/4\/2015\/08\/Gal11-300x200.jpg 300w, https:\/\/www.hotelberlin-sindelfingen.de\/wp-content\/uploads\/sites\/4\/2015\/08\/Gal11-150x100.jpg 150w, https:\/\/www.hotelberlin-sindelfingen.de\/wp-content\/uploads\/sites\/4\/2015\/08\/Gal11.jpg 1000w\" sizes=\"(max-width: 600px) 100vw, 600px\" \/><span class=\"w-gallery-tnail-title\">Fr\u00fchst\u00fcck<\/span><\/a><a class=\"w-gallery-tnail order_14\" href=\"https:\/\/www.hotelberlin-sindelfingen.de\/wp-content\/uploads\/sites\/4\/2015\/08\/Gal12.jpg\" title=\"HOTEL BERLIN\"><img width=\"600\" height=\"556\" src=\"https:\/\/www.hotelberlin-sindelfingen.de\/wp-content\/uploads\/sites\/4\/2015\/08\/Gal12-600x556.jpg\" class=\"w-gallery-tnail-img\" alt=\"\" decoding=\"async\" loading=\"lazy\" srcset=\"https:\/\/www.hotelberlin-sindelfingen.de\/wp-content\/uploads\/sites\/4\/2015\/08\/Gal12-600x556.jpg 600w, https:\/\/www.hotelberlin-sindelfingen.de\/wp-content\/uploads\/sites\/4\/2015\/08\/Gal12-300x278.jpg 300w, https:\/\/www.hotelberlin-sindelfingen.de\/wp-content\/uploads\/sites\/4\/2015\/08\/Gal12-150x139.jpg 150w, https:\/\/www.hotelberlin-sindelfingen.de\/wp-content\/uploads\/sites\/4\/2015\/08\/Gal12-432x400.jpg 432w, https:\/\/www.hotelberlin-sindelfingen.de\/wp-content\/uploads\/sites\/4\/2015\/08\/Gal12.jpg 1000w\" sizes=\"(max-width: 600px) 100vw, 600px\" \/><span class=\"w-gallery-tnail-title\">HOTEL BERLIN<\/span><\/a><a class=\"w-gallery-tnail order_15\" href=\"https:\/\/www.hotelberlin-sindelfingen.de\/wp-content\/uploads\/sites\/4\/2015\/08\/Sauna1.jpg\" title=\"Sauna\"><img width=\"600\" height=\"600\" src=\"https:\/\/www.hotelberlin-sindelfingen.de\/wp-content\/uploads\/sites\/4\/2015\/08\/Sauna1-600x600.jpg\" class=\"w-gallery-tnail-img\" alt=\"\" decoding=\"async\" loading=\"lazy\" srcset=\"https:\/\/www.hotelberlin-sindelfingen.de\/wp-content\/uploads\/sites\/4\/2015\/08\/Sauna1-600x600.jpg 600w, https:\/\/www.hotelberlin-sindelfingen.de\/wp-content\/uploads\/sites\/4\/2015\/08\/Sauna1-150x150.jpg 150w, https:\/\/www.hotelberlin-sindelfingen.de\/wp-content\/uploads\/sites\/4\/2015\/08\/Sauna1-300x300.jpg 300w, https:\/\/www.hotelberlin-sindelfingen.de\/wp-content\/uploads\/sites\/4\/2015\/08\/Sauna1-350x350.jpg 350w, https:\/\/www.hotelberlin-sindelfingen.de\/wp-content\/uploads\/sites\/4\/2015\/08\/Sauna1-400x400.jpg 400w, https:\/\/www.hotelberlin-sindelfingen.de\/wp-content\/uploads\/sites\/4\/2015\/08\/Sauna1.jpg 800w\" sizes=\"(max-width: 600px) 100vw, 600px\" \/><span class=\"w-gallery-tnail-title\">Sauna<\/span><\/a><a class=\"w-gallery-tnail order_16\" href=\"https:\/\/www.hotelberlin-sindelfingen.de\/wp-content\/uploads\/sites\/4\/2015\/08\/Carousel4.jpg\" title=\"Tagungsraum Charlottenburg\"><img width=\"600\" height=\"600\" src=\"https:\/\/www.hotelberlin-sindelfingen.de\/wp-content\/uploads\/sites\/4\/2015\/08\/Carousel4-600x600.jpg\" class=\"w-gallery-tnail-img\" alt=\"\" decoding=\"async\" loading=\"lazy\" srcset=\"https:\/\/www.hotelberlin-sindelfingen.de\/wp-content\/uploads\/sites\/4\/2015\/08\/Carousel4-600x600.jpg 600w, https:\/\/www.hotelberlin-sindelfingen.de\/wp-content\/uploads\/sites\/4\/2015\/08\/Carousel4-150x150.jpg 150w, https:\/\/www.hotelberlin-sindelfingen.de\/wp-content\/uploads\/sites\/4\/2015\/08\/Carousel4-300x300.jpg 300w, https:\/\/www.hotelberlin-sindelfingen.de\/wp-content\/uploads\/sites\/4\/2015\/08\/Carousel4-350x350.jpg 350w, https:\/\/www.hotelberlin-sindelfingen.de\/wp-content\/uploads\/sites\/4\/2015\/08\/Carousel4-400x400.jpg 400w, https:\/\/www.hotelberlin-sindelfingen.de\/wp-content\/uploads\/sites\/4\/2015\/08\/Carousel4.jpg 800w\" sizes=\"(max-width: 600px) 100vw, 600px\" \/><span class=\"w-gallery-tnail-title\">Tagungsraum Charlottenburg<\/span><\/a><a class=\"w-gallery-tnail order_17\" href=\"https:\/\/www.hotelberlin-sindelfingen.de\/wp-content\/uploads\/sites\/4\/2015\/08\/Carousel11.jpg\" title=\"Sauna\"><img width=\"600\" height=\"600\" src=\"https:\/\/www.hotelberlin-sindelfingen.de\/wp-content\/uploads\/sites\/4\/2015\/08\/Carousel11-600x600.jpg\" class=\"w-gallery-tnail-img\" alt=\"\" decoding=\"async\" loading=\"lazy\" srcset=\"https:\/\/www.hotelberlin-sindelfingen.de\/wp-content\/uploads\/sites\/4\/2015\/08\/Carousel11-600x600.jpg 600w, https:\/\/www.hotelberlin-sindelfingen.de\/wp-content\/uploads\/sites\/4\/2015\/08\/Carousel11-150x150.jpg 150w, https:\/\/www.hotelberlin-sindelfingen.de\/wp-content\/uploads\/sites\/4\/2015\/08\/Carousel11-300x300.jpg 300w, https:\/\/www.hotelberlin-sindelfingen.de\/wp-content\/uploads\/sites\/4\/2015\/08\/Carousel11-350x350.jpg 350w, https:\/\/www.hotelberlin-sindelfingen.de\/wp-content\/uploads\/sites\/4\/2015\/08\/Carousel11-400x400.jpg 400w, https:\/\/www.hotelberlin-sindelfingen.de\/wp-content\/uploads\/sites\/4\/2015\/08\/Carousel11.jpg 800w\" sizes=\"(max-width: 600px) 100vw, 600px\" \/><span class=\"w-gallery-tnail-title\">Sauna<\/span><\/a><a class=\"w-gallery-tnail order_18\" href=\"https:\/\/www.hotelberlin-sindelfingen.de\/wp-content\/uploads\/sites\/4\/2015\/08\/Tagungsraum1.jpg\" title=\"Raum Charlottenburg\"><img width=\"600\" height=\"318\" src=\"https:\/\/www.hotelberlin-sindelfingen.de\/wp-content\/uploads\/sites\/4\/2015\/08\/Tagungsraum1-600x318.jpg\" class=\"w-gallery-tnail-img\" alt=\"\" decoding=\"async\" loading=\"lazy\" srcset=\"https:\/\/www.hotelberlin-sindelfingen.de\/wp-content\/uploads\/sites\/4\/2015\/08\/Tagungsraum1-600x318.jpg 600w, https:\/\/www.hotelberlin-sindelfingen.de\/wp-content\/uploads\/sites\/4\/2015\/08\/Tagungsraum1-300x159.jpg 300w, https:\/\/www.hotelberlin-sindelfingen.de\/wp-content\/uploads\/sites\/4\/2015\/08\/Tagungsraum1-1024x542.jpg 1024w, https:\/\/www.hotelberlin-sindelfingen.de\/wp-content\/uploads\/sites\/4\/2015\/08\/Tagungsraum1-150x79.jpg 150w, https:\/\/www.hotelberlin-sindelfingen.de\/wp-content\/uploads\/sites\/4\/2015\/08\/Tagungsraum1.jpg 1500w\" sizes=\"(max-width: 600px) 100vw, 600px\" \/><span class=\"w-gallery-tnail-title\">Raum Charlottenburg<\/span><\/a><a class=\"w-gallery-tnail order_19\" href=\"https:\/\/www.hotelberlin-sindelfingen.de\/wp-content\/uploads\/sites\/4\/2016\/01\/Revolution-Slider-3.jpg\" title=\"Fr\u00fchst\u00fccksbuffet\"><img width=\"600\" height=\"151\" src=\"https:\/\/www.hotelberlin-sindelfingen.de\/wp-content\/uploads\/sites\/4\/2016\/01\/Revolution-Slider-3-600x151.jpg\" class=\"w-gallery-tnail-img\" alt=\"\" decoding=\"async\" loading=\"lazy\" srcset=\"https:\/\/www.hotelberlin-sindelfingen.de\/wp-content\/uploads\/sites\/4\/2016\/01\/Revolution-Slider-3-600x151.jpg 600w, https:\/\/www.hotelberlin-sindelfingen.de\/wp-content\/uploads\/sites\/4\/2016\/01\/Revolution-Slider-3-300x75.jpg 300w, https:\/\/www.hotelberlin-sindelfingen.de\/wp-content\/uploads\/sites\/4\/2016\/01\/Revolution-Slider-3-1024x257.jpg 1024w, https:\/\/www.hotelberlin-sindelfingen.de\/wp-content\/uploads\/sites\/4\/2016\/01\/Revolution-Slider-3-150x38.jpg 150w, https:\/\/www.hotelberlin-sindelfingen.de\/wp-content\/uploads\/sites\/4\/2016\/01\/Revolution-Slider-3.jpg 1900w\" sizes=\"(max-width: 600px) 100vw, 600px\" \/><span class=\"w-gallery-tnail-title\">Fr\u00fchst\u00fccksbuffet<\/span><\/a><\/div> <\/div>\n<\/div><\/div><!-- Row Backgrounds --><div class=\"upb_no_bg\" data-fadeout=\"\" data-fadeout-percentage=\"30\" data-parallax-content=\"\" data-parallax-content-sense=\"30\" data-row-effect-mobile-disable=\"true\" data-img-parallax-mobile-disable=\"true\" data-rtl=\"false\"  data-custom-vc-row=\"\"  data-vc=\"4.5.2\"  data-theme-support=\"\"    ><\/div>\n<\/div><\/div>","protected":false},"excerpt":{"rendered":"Hotel Berlin Sindelfingen Hotel BerlinHotel BerlinFr\u00fchst\u00fccksbuffetFr\u00fchst\u00fccksbuffetFr\u00fchst\u00fccksbuffetBistroHotel BerlinEingangBad DesignzimmerDesignzimmerRezeptionFr\u00fchst\u00fccksraumFr\u00fchst\u00fcckHOTEL BERLINSaunaTagungsraum CharlottenburgSaunaRaum CharlottenburgFr\u00fchst\u00fccksbuffet","protected":false},"author":7,"featured_media":0,"parent":0,"menu_order":3,"comment_status":"closed","ping_status":"closed","template":"","meta":[],"yoast_head":"<title>Fotogalerie - Hotel Berlin Sindelfingen<\/title>\n<meta name=\"robots\" content=\"index, follow, max-snippet:-1, max-image-preview:large, max-video-preview:-1\" \/>\n<link rel=\"canonical\" href=\"https:\/\/www.hotelberlin-sindelfingen.de\/en\/fotogalerie\/\" \/>\n<meta property=\"og:locale\" content=\"en_US\" \/>\n<meta property=\"og:type\" content=\"article\" \/>\n<meta property=\"og:title\" content=\"Fotogalerie - Hotel Berlin Sindelfingen\" \/>\n<meta property=\"og:url\" content=\"https:\/\/www.hotelberlin-sindelfingen.de\/en\/fotogalerie\/\" \/>\n<meta property=\"og:site_name\" content=\"Hotel Berlin Sindelfingen\" \/>\n<meta property=\"article:modified_time\" content=\"2022-07-11T13:12:55+00:00\" \/>\n<meta name=\"twitter:card\" content=\"summary_large_image\" \/>\n<meta name=\"twitter:label1\" content=\"Est. reading time\" \/>\n\t<meta name=\"twitter:data1\" content=\"1 minute\" \/>\n<script type=\"application\/ld+json\" class=\"yoast-schema-graph\">{\"@context\":\"https:\/\/schema.org\",\"@graph\":[{\"@type\":\"WebPage\",\"@id\":\"https:\/\/www.hotelberlin-sindelfingen.de\/en\/fotogalerie\/\",\"url\":\"https:\/\/www.hotelberlin-sindelfingen.de\/en\/fotogalerie\/\",\"name\":\"Fotogalerie - Hotel Berlin Sindelfingen\",\"isPartOf\":{\"@id\":\"https:\/\/www.hotelberlin-sindelfingen.de\/#website\"},\"datePublished\":\"2015-08-27T08:16:48+00:00\",\"dateModified\":\"2022-07-11T13:12:55+00:00\",\"breadcrumb\":{\"@id\":\"https:\/\/www.hotelberlin-sindelfingen.de\/en\/fotogalerie\/#breadcrumb\"},\"inLanguage\":\"en-US\",\"potentialAction\":[{\"@type\":\"ReadAction\",\"target\":[\"https:\/\/www.hotelberlin-sindelfingen.de\/en\/fotogalerie\/\"]}]},{\"@type\":\"BreadcrumbList\",\"@id\":\"https:\/\/www.hotelberlin-sindelfingen.de\/en\/fotogalerie\/#breadcrumb\",\"itemListElement\":[{\"@type\":\"ListItem\",\"position\":1,\"name\":\"Home\",\"item\":\"https:\/\/www.hotelberlin-sindelfingen.de\/en\/\"},{\"@type\":\"ListItem\",\"position\":2,\"name\":\"Fotogalerie\"}]},{\"@type\":\"WebSite\",\"@id\":\"https:\/\/www.hotelberlin-sindelfingen.de\/#website\",\"url\":\"https:\/\/www.hotelberlin-sindelfingen.de\/\",\"name\":\"Hotel Berlin Sindelfingen\",\"description\":\"Eine weitere aZIS Hotel-Gruppe Seite\",\"potentialAction\":[{\"@type\":\"SearchAction\",\"target\":{\"@type\":\"EntryPoint\",\"urlTemplate\":\"https:\/\/www.hotelberlin-sindelfingen.de\/?s={search_term_string}\"},\"query-input\":\"required name=search_term_string\"}],\"inLanguage\":\"en-US\"}]}<\/script>","yoast_head_json":{"title":"Fotogalerie - Hotel Berlin Sindelfingen","robots":{"index":"index","follow":"follow","max-snippet":"max-snippet:-1","max-image-preview":"max-image-preview:large","max-video-preview":"max-video-preview:-1"},"canonical":"https:\/\/www.hotelberlin-sindelfingen.de\/en\/fotogalerie\/","og_locale":"en_US","og_type":"article","og_title":"Fotogalerie - Hotel Berlin Sindelfingen","og_url":"https:\/\/www.hotelberlin-sindelfingen.de\/en\/fotogalerie\/","og_site_name":"Hotel Berlin Sindelfingen","article_modified_time":"2022-07-11T13:12:55+00:00","twitter_card":"summary_large_image","twitter_misc":{"Est. reading time":"1 minute"},"schema":{"@context":"https:\/\/schema.org","@graph":[{"@type":"WebPage","@id":"https:\/\/www.hotelberlin-sindelfingen.de\/en\/fotogalerie\/","url":"https:\/\/www.hotelberlin-sindelfingen.de\/en\/fotogalerie\/","name":"Fotogalerie - Hotel Berlin Sindelfingen","isPartOf":{"@id":"https:\/\/www.hotelberlin-sindelfingen.de\/#website"},"datePublished":"2015-08-27T08:16:48+00:00","dateModified":"2022-07-11T13:12:55+00:00","breadcrumb":{"@id":"https:\/\/www.hotelberlin-sindelfingen.de\/en\/fotogalerie\/#breadcrumb"},"inLanguage":"en-US","potentialAction":[{"@type":"ReadAction","target":["https:\/\/www.hotelberlin-sindelfingen.de\/en\/fotogalerie\/"]}]},{"@type":"BreadcrumbList","@id":"https:\/\/www.hotelberlin-sindelfingen.de\/en\/fotogalerie\/#breadcrumb","itemListElement":[{"@type":"ListItem","position":1,"name":"Home","item":"https:\/\/www.hotelberlin-sindelfingen.de\/en\/"},{"@type":"ListItem","position":2,"name":"Fotogalerie"}]},{"@type":"WebSite","@id":"https:\/\/www.hotelberlin-sindelfingen.de\/#website","url":"https:\/\/www.hotelberlin-sindelfingen.de\/","name":"Hotel Berlin Sindelfingen","description":"Eine weitere aZIS Hotel-Gruppe Seite","potentialAction":[{"@type":"SearchAction","target":{"@type":"EntryPoint","urlTemplate":"https:\/\/www.hotelberlin-sindelfingen.de\/?s={search_term_string}"},"query-input":"required name=search_term_string"}],"inLanguage":"en-US"}]}},"_links":{"self":[{"href":"https:\/\/www.hotelberlin-sindelfingen.de\/en\/wp-json\/wp\/v2\/pages\/688"}],"collection":[{"href":"https:\/\/www.hotelberlin-sindelfingen.de\/en\/wp-json\/wp\/v2\/pages"}],"about":[{"href":"https:\/\/www.hotelberlin-sindelfingen.de\/en\/wp-json\/wp\/v2\/types\/page"}],"author":[{"embeddable":true,"href":"https:\/\/www.hotelberlin-sindelfingen.de\/en\/wp-json\/wp\/v2\/users\/7"}],"replies":[{"embeddable":true,"href":"https:\/\/www.hotelberlin-sindelfingen.de\/en\/wp-json\/wp\/v2\/comments?post=688"}],"version-history":[{"count":4,"href":"https:\/\/www.hotelberlin-sindelfingen.de\/en\/wp-json\/wp\/v2\/pages\/688\/revisions"}],"predecessor-version":[{"id":1083,"href":"https:\/\/www.hotelberlin-sindelfingen.de\/en\/wp-json\/wp\/v2\/pages\/688\/revisions\/1083"}],"wp:attachment":[{"href":"https:\/\/www.hotelberlin-sindelfingen.de\/en\/wp-json\/wp\/v2\/media?parent=688"}],"curies":[{"name":"wp","href":"https:\/\/api.w.org\/{rel}","templated":true}]}}