{"id":699,"date":"2015-08-27T10:16:49","date_gmt":"2015-08-27T08:16:49","guid":{"rendered":"https:\/\/www.hotelberlin-sindelfingen.de\/en\/partnerhotels\/"},"modified":"2019-10-07T17:27:25","modified_gmt":"2019-10-07T15:27:25","slug":"partnerhotels","status":"publish","type":"page","link":"https:\/\/www.hotelberlin-sindelfingen.de\/en\/partnerhotels\/","title":{"rendered":"Partner Hotels"},"content":{"rendered":"<div class=\"l-submain wpb_row\"><div class=\"l-submain-h g-html i-cf\"><div class=\"g-cols wpb_row offset_default\"><div class=\"full-width\">\n\t<div class=\"wpb_text_column \">\n\t\t<div class=\"wpb_wrapper\">\n\t\t\t\n<h1 style=\"text-align: center;\">Die aZIS Hotels<\/h1>\n\n\t\t<\/div> \n\t<\/div> <\/div><\/div><!-- Row Backgrounds --><div class=\"upb_no_bg\" data-fadeout=\"\" data-fadeout-percentage=\"30\" data-parallax-content=\"\" data-parallax-content-sense=\"30\" data-row-effect-mobile-disable=\"true\" data-img-parallax-mobile-disable=\"true\" data-rtl=\"false\"  data-custom-vc-row=\"\"  data-vc=\"4.5.2\"  data-theme-support=\"\"    ><\/div><div class=\"g-cols wpb_row offset_default\"><div class=\"full-width\"><div class=\"g-hr no_icon\">\r\n\t\t\t\t\t\t<span class=\"g-hr-h\">\r\n\t\t\t\t\t\t\t<i class=\"fa fa-\"><\/i>\r\n\t\t\t\t\t\t<\/span>\r\n\t\t\t\t\t<\/div><\/div><\/div><!-- Row Backgrounds --><div class=\"upb_no_bg\" data-fadeout=\"\" data-fadeout-percentage=\"\" data-parallax-content=\"\" data-parallax-content-sense=\"\" data-row-effect-mobile-disable=\"true\" data-img-parallax-mobile-disable=\"true\" data-rtl=\"false\"  data-custom-vc-row=\"\"  data-vc=\"4.5.2\"  data-theme-support=\"\"    ><\/div><div class=\"g-cols wpb_row offset_default\"><div class=\"two-thirds\">\n\t<div class=\"wpb_text_column \">\n\t\t<div class=\"wpb_wrapper\">\n\t\t\t<p>Die <a href=\"http:\/\/www.azisgmbh.de\">aZIS Hotelgruppe<\/a> ist eine kleine, aber feine Gruppe von drei Hotels aus dem First-Class-Bereich mit Sitz der Verwaltung in Stuttgart. Unsere drei H\u00e4user &#8211; das SEEhotel in Friedrichshafen, das HOTEL BERLIN in Sindelfingen und das Hotel DER ACHTERMANN in Goslar teilen bei aller Eigenst\u00e4ndigkeit insbesondere ein Werteverst\u00e4ndnis.<\/p>\n<p>Die aZIS Hotels sind Teil der Reinheimer Gruppe, die Ihre Wurzeln unter anderem in der Gastronomie hat. <span style=\"color: #000000;\">Die Familie Reinheimer ist seit den siebziger Jahren in der Hotel- und Gastronomiebranche t\u00e4tig. Sie setzte Meilensteine als Gr\u00fcnder und Mitbesitzer der Maredo-Steakh\u00e4user. Alle drei aZIS Hotels setzen individuell verschiedene Schwerpunkte und sind an Ihren Standorten etablierte und f\u00fcr Ihre Qualit\u00e4t bekannte Anlaufstellen f\u00fcr Reisende und Tagungen. <\/span>\n\t\t<\/div> \n\t<\/div> <\/div><div class=\"one-third\"><div class=\"w-slider\"><div class=\"fotorama\" id=\"slider_772753\" data-auto=\"false\" data-shadows=\"false\" data-glimpse=\"0\" data-margin=\"0\" data-loop=\"true\" data-swipe=\"true\" data-width=\"100%\" data-arrows=\"always\" data-nav=\"none\" data-transition=\"slide\" data-ratio=\"705\/500\"><a href=\"https:\/\/www.hotelberlin-sindelfingen.de\/wp-content\/uploads\/sites\/4\/2015\/08\/Logo_aZIS-Hotel1.jpg\"><img width=\"150\" height=\"150\" src=\"https:\/\/www.hotelberlin-sindelfingen.de\/wp-content\/uploads\/sites\/4\/2015\/08\/Logo_aZIS-Hotel1-150x150.jpg\" class=\"attachment-gallery-s size-gallery-s\" alt=\"\" decoding=\"async\" loading=\"lazy\" srcset=\"https:\/\/www.hotelberlin-sindelfingen.de\/wp-content\/uploads\/sites\/4\/2015\/08\/Logo_aZIS-Hotel1-150x150.jpg 150w, https:\/\/www.hotelberlin-sindelfingen.de\/wp-content\/uploads\/sites\/4\/2015\/08\/Logo_aZIS-Hotel1-350x350.jpg 350w\" sizes=\"(max-width: 150px) 100vw, 150px\" \/><\/a><a href=\"https:\/\/www.hotelberlin-sindelfingen.de\/wp-content\/uploads\/sites\/4\/2015\/08\/Achtermann_aussen.jpg\"><img width=\"150\" height=\"150\" src=\"https:\/\/www.hotelberlin-sindelfingen.de\/wp-content\/uploads\/sites\/4\/2015\/08\/Achtermann_aussen-150x150.jpg\" class=\"attachment-gallery-s size-gallery-s\" alt=\"\" decoding=\"async\" loading=\"lazy\" srcset=\"https:\/\/www.hotelberlin-sindelfingen.de\/wp-content\/uploads\/sites\/4\/2015\/08\/Achtermann_aussen-150x150.jpg 150w, https:\/\/www.hotelberlin-sindelfingen.de\/wp-content\/uploads\/sites\/4\/2015\/08\/Achtermann_aussen-350x350.jpg 350w\" sizes=\"(max-width: 150px) 100vw, 150px\" \/><\/a><a href=\"https:\/\/www.hotelberlin-sindelfingen.de\/wp-content\/uploads\/sites\/4\/2015\/08\/Au\u00dfen-SEEhotel-FN.jpg\"><img width=\"150\" height=\"150\" src=\"https:\/\/www.hotelberlin-sindelfingen.de\/wp-content\/uploads\/sites\/4\/2015\/08\/Au\u00dfen-SEEhotel-FN-150x150.jpg\" class=\"attachment-gallery-s size-gallery-s\" alt=\"\" decoding=\"async\" loading=\"lazy\" srcset=\"https:\/\/www.hotelberlin-sindelfingen.de\/wp-content\/uploads\/sites\/4\/2015\/08\/Au\u00dfen-SEEhotel-FN-150x150.jpg 150w, https:\/\/www.hotelberlin-sindelfingen.de\/wp-content\/uploads\/sites\/4\/2015\/08\/Au\u00dfen-SEEhotel-FN-300x300.jpg 300w, https:\/\/www.hotelberlin-sindelfingen.de\/wp-content\/uploads\/sites\/4\/2015\/08\/Au\u00dfen-SEEhotel-FN-600x600.jpg 600w, https:\/\/www.hotelberlin-sindelfingen.de\/wp-content\/uploads\/sites\/4\/2015\/08\/Au\u00dfen-SEEhotel-FN-350x350.jpg 350w, https:\/\/www.hotelberlin-sindelfingen.de\/wp-content\/uploads\/sites\/4\/2015\/08\/Au\u00dfen-SEEhotel-FN-400x400.jpg 400w, https:\/\/www.hotelberlin-sindelfingen.de\/wp-content\/uploads\/sites\/4\/2015\/08\/Au\u00dfen-SEEhotel-FN.jpg 960w\" sizes=\"(max-width: 150px) 100vw, 150px\" \/><\/a><a href=\"https:\/\/www.hotelberlin-sindelfingen.de\/wp-content\/uploads\/sites\/4\/2016\/01\/HoBe_quadrat.jpg\"><img width=\"150\" height=\"150\" src=\"https:\/\/www.hotelberlin-sindelfingen.de\/wp-content\/uploads\/sites\/4\/2016\/01\/HoBe_quadrat-150x150.jpg\" class=\"attachment-gallery-s size-gallery-s\" alt=\"\" decoding=\"async\" loading=\"lazy\" srcset=\"https:\/\/www.hotelberlin-sindelfingen.de\/wp-content\/uploads\/sites\/4\/2016\/01\/HoBe_quadrat-150x150.jpg 150w, https:\/\/www.hotelberlin-sindelfingen.de\/wp-content\/uploads\/sites\/4\/2016\/01\/HoBe_quadrat-300x300.jpg 300w, https:\/\/www.hotelberlin-sindelfingen.de\/wp-content\/uploads\/sites\/4\/2016\/01\/HoBe_quadrat-600x600.jpg 600w, https:\/\/www.hotelberlin-sindelfingen.de\/wp-content\/uploads\/sites\/4\/2016\/01\/HoBe_quadrat-350x350.jpg 350w, https:\/\/www.hotelberlin-sindelfingen.de\/wp-content\/uploads\/sites\/4\/2016\/01\/HoBe_quadrat-400x400.jpg 400w, https:\/\/www.hotelberlin-sindelfingen.de\/wp-content\/uploads\/sites\/4\/2016\/01\/HoBe_quadrat.jpg 800w\" sizes=\"(max-width: 150px) 100vw, 150px\" \/><\/a><\/div><\/div><\/div><\/div><!-- Row Backgrounds --><div class=\"upb_no_bg\" data-fadeout=\"\" data-fadeout-percentage=\"\" data-parallax-content=\"\" data-parallax-content-sense=\"\" data-row-effect-mobile-disable=\"true\" data-img-parallax-mobile-disable=\"true\" data-rtl=\"false\"  data-custom-vc-row=\"\"  data-vc=\"4.5.2\"  data-theme-support=\"\"    ><\/div><div class=\"g-cols wpb_row offset_default  vc_custom_1455526504576\"><div class=\"full-width\">\n\t<div class=\"wpb_text_column \">\n\t\t<div class=\"wpb_wrapper\">\n\t\t\t\n<h1 style=\"text-align: center;\">DER ACHTERMANN in Goslar<\/h1>\n\n\t\t<\/div> \n\t<\/div> <div class=\"g-hr no_icon\">\r\n\t\t\t\t\t\t<span class=\"g-hr-h\">\r\n\t\t\t\t\t\t\t<i class=\"fa fa-\"><\/i>\r\n\t\t\t\t\t\t<\/span>\r\n\t\t\t\t\t<\/div><\/div><\/div><!-- Row Backgrounds --><div class=\"upb_no_bg\" data-fadeout=\"\" data-fadeout-percentage=\"30\" data-parallax-content=\"\" data-parallax-content-sense=\"30\" data-row-effect-mobile-disable=\"true\" data-img-parallax-mobile-disable=\"true\" data-rtl=\"false\"  data-custom-vc-row=\"\"  data-vc=\"4.5.2\"  data-theme-support=\"\"    ><\/div><div class=\"g-cols wpb_row offset_default\"><div class=\"one-third\"><div class=\"w-slider\"><div class=\"fotorama\" id=\"slider_729504\" data-auto=\"false\" data-shadows=\"false\" data-glimpse=\"0\" data-margin=\"0\" data-loop=\"true\" data-swipe=\"true\" data-width=\"100%\" data-arrows=\"always\" data-nav=\"none\" data-transition=\"slide\" data-ratio=\"750\/500\"><a href=\"https:\/\/www.hotelberlin-sindelfingen.de\/wp-content\/uploads\/sites\/4\/2015\/08\/Achtermann_aussen.jpg\"><img width=\"150\" height=\"150\" src=\"https:\/\/www.hotelberlin-sindelfingen.de\/wp-content\/uploads\/sites\/4\/2015\/08\/Achtermann_aussen-150x150.jpg\" class=\"attachment-gallery-s size-gallery-s\" alt=\"\" decoding=\"async\" loading=\"lazy\" srcset=\"https:\/\/www.hotelberlin-sindelfingen.de\/wp-content\/uploads\/sites\/4\/2015\/08\/Achtermann_aussen-150x150.jpg 150w, https:\/\/www.hotelberlin-sindelfingen.de\/wp-content\/uploads\/sites\/4\/2015\/08\/Achtermann_aussen-350x350.jpg 350w\" sizes=\"(max-width: 150px) 100vw, 150px\" \/><\/a><a href=\"https:\/\/www.hotelberlin-sindelfingen.de\/wp-content\/uploads\/sites\/4\/2015\/08\/Barbarasaal.jpg\"><img width=\"150\" height=\"150\" src=\"https:\/\/www.hotelberlin-sindelfingen.de\/wp-content\/uploads\/sites\/4\/2015\/08\/Barbarasaal-150x150.jpg\" class=\"attachment-gallery-s size-gallery-s\" alt=\"\" decoding=\"async\" loading=\"lazy\" srcset=\"https:\/\/www.hotelberlin-sindelfingen.de\/wp-content\/uploads\/sites\/4\/2015\/08\/Barbarasaal-150x150.jpg 150w, https:\/\/www.hotelberlin-sindelfingen.de\/wp-content\/uploads\/sites\/4\/2015\/08\/Barbarasaal-350x350.jpg 350w\" sizes=\"(max-width: 150px) 100vw, 150px\" \/><\/a><a href=\"https:\/\/www.hotelberlin-sindelfingen.de\/wp-content\/uploads\/sites\/4\/2015\/08\/Designzimmer1.jpg\"><img width=\"150\" height=\"150\" src=\"https:\/\/www.hotelberlin-sindelfingen.de\/wp-content\/uploads\/sites\/4\/2015\/08\/Designzimmer1-150x150.jpg\" class=\"attachment-gallery-s size-gallery-s\" alt=\"\" decoding=\"async\" loading=\"lazy\" srcset=\"https:\/\/www.hotelberlin-sindelfingen.de\/wp-content\/uploads\/sites\/4\/2015\/08\/Designzimmer1-150x150.jpg 150w, https:\/\/www.hotelberlin-sindelfingen.de\/wp-content\/uploads\/sites\/4\/2015\/08\/Designzimmer1-350x350.jpg 350w\" sizes=\"(max-width: 150px) 100vw, 150px\" \/><\/a><a href=\"https:\/\/www.hotelberlin-sindelfingen.de\/wp-content\/uploads\/sites\/4\/2015\/08\/Kaisersuite_Bad.jpg\"><img width=\"150\" height=\"150\" src=\"https:\/\/www.hotelberlin-sindelfingen.de\/wp-content\/uploads\/sites\/4\/2015\/08\/Kaisersuite_Bad-150x150.jpg\" class=\"attachment-gallery-s size-gallery-s\" alt=\"\" decoding=\"async\" loading=\"lazy\" srcset=\"https:\/\/www.hotelberlin-sindelfingen.de\/wp-content\/uploads\/sites\/4\/2015\/08\/Kaisersuite_Bad-150x150.jpg 150w, https:\/\/www.hotelberlin-sindelfingen.de\/wp-content\/uploads\/sites\/4\/2015\/08\/Kaisersuite_Bad-350x350.jpg 350w\" sizes=\"(max-width: 150px) 100vw, 150px\" \/><\/a><a href=\"https:\/\/www.hotelberlin-sindelfingen.de\/wp-content\/uploads\/sites\/4\/2015\/08\/Tagung.jpg\"><img width=\"150\" height=\"150\" src=\"https:\/\/www.hotelberlin-sindelfingen.de\/wp-content\/uploads\/sites\/4\/2015\/08\/Tagung-150x150.jpg\" class=\"attachment-gallery-s size-gallery-s\" alt=\"\" decoding=\"async\" loading=\"lazy\" srcset=\"https:\/\/www.hotelberlin-sindelfingen.de\/wp-content\/uploads\/sites\/4\/2015\/08\/Tagung-150x150.jpg 150w, https:\/\/www.hotelberlin-sindelfingen.de\/wp-content\/uploads\/sites\/4\/2015\/08\/Tagung-350x350.jpg 350w\" sizes=\"(max-width: 150px) 100vw, 150px\" \/><\/a><\/div><\/div><\/div><div class=\"two-thirds\">\n\t<div class=\"wpb_text_column \">\n\t\t<div class=\"wpb_wrapper\">\n\t\t\t<p>Unser Hotel DER ACHTERMANN in Goslar hat etwas ganz besonderes zu bieten: eine \u00fcber 500 j\u00e4hrige Geschichte voller spannender Pers\u00f6nlichkeiten, Zeitepochen und baulicher Episoden. Neugierig? Statten Sie den historischen Gem\u00e4uern des <a href=\"https:\/\/www.der-achtermann.de\" target=\"_blank\" rel=\"noopener\">ACHTERMANN <\/a>einen Besuch ab und buchen Sie beispielsweise direkt eine ganz besondere Nacht in einer unserer Suiten im 500 Jahre alten Wehrturm. Wir freuen uns auf Sie!<\/p>\n<p>Neben unserer besonderen Geschichte geh\u00f6ren wir zu den <a href=\"https:\/\/www.der-achtermann.de\/tagungszentrum\" target=\"_blank\" rel=\"noopener\">Top-Tagungshotels<\/a> in Deutschland! Sie erwartet unter anderem:<\/p>\n<ul>\n<li>12 Tagungsr\u00e4ume von 20 bis 600 m\u00b2 f\u00fcr bis zu 1500 Teilnehmer<\/li>\n<li>Top moderne Tagunstechnik<\/li>\n<li>Zentrale Lage in Deutschland<\/li>\n<li>Abwechlungsreiches Rahmenprogramm<\/li>\n<\/ul>\n\n\t\t<\/div> \n\t<\/div> <\/div><\/div><!-- Row Backgrounds --><div class=\"upb_no_bg\" data-fadeout=\"\" data-fadeout-percentage=\"\" data-parallax-content=\"\" data-parallax-content-sense=\"\" data-row-effect-mobile-disable=\"true\" data-img-parallax-mobile-disable=\"true\" data-rtl=\"false\"  data-custom-vc-row=\"\"  data-vc=\"4.5.2\"  data-theme-support=\"\"    ><\/div><div class=\"g-cols wpb_row offset_default  vc_custom_1455526527671\"><div class=\"full-width\">\n\t<div class=\"wpb_text_column \">\n\t\t<div class=\"wpb_wrapper\">\n\t\t\t\n<h1 style=\"text-align: center;\">SEEhotel Friedrichshafen<\/h1>\n\n\t\t<\/div> \n\t<\/div> <div class=\"g-hr no_icon\">\r\n\t\t\t\t\t\t<span class=\"g-hr-h\">\r\n\t\t\t\t\t\t\t<i class=\"fa fa-\"><\/i>\r\n\t\t\t\t\t\t<\/span>\r\n\t\t\t\t\t<\/div><\/div><\/div><!-- Row Backgrounds --><div class=\"upb_no_bg\" data-fadeout=\"\" data-fadeout-percentage=\"30\" data-parallax-content=\"\" data-parallax-content-sense=\"30\" data-row-effect-mobile-disable=\"true\" data-img-parallax-mobile-disable=\"true\" data-rtl=\"false\"  data-custom-vc-row=\"\"  data-vc=\"4.5.2\"  data-theme-support=\"\"    ><\/div><div class=\"g-cols wpb_row offset_default\"><div class=\"two-thirds\">\n\t<div class=\"wpb_text_column \">\n\t\t<div class=\"wpb_wrapper\">\n\t\t\t<span style=\"color: #000000;\">Das <a href=\"https:\/\/www.seehotelfn.de\" target=\"_blank\" rel=\"noopener\">SEEhotel Friedrichshafen<\/a> liegt zentral an der Uferstra\u00dfe zwischen Stadtbahnhof und Promenade direkt am Bodensee. Unser Haus wurde von der Architektenkammer Baden-W\u00fcrttemberg f\u00fcr beispielhaftes Bauen ausgezeichnet und besticht durch seine Architektur im Bauhaus-Stil.<br \/>\nEs<\/span><span style=\"color: #000000;\">\u00a0stehen 132 vollklimatisierte Zimmer und Studios zur Verf\u00fcgung, teilweise mit Balkon und\u00a0Seeblick.<br \/>\nVom Wohlf\u00fchlbereich in der 5. Etage mit Sauna und Dampfbad gelangen Sie direkt auf unsere Dachterrasse, von der Sie einen unvergleichlichen Rund-um-Ausblick auf den Bodensee und das Alpenpanorama haben und f\u00fcr Ihren Pkw stehen ausreichend Au\u00dfen- und Tiefgaragenstellpl\u00e4tze gegen Geb\u00fchr zur Verf\u00fcgung. <\/span><\/p>\n<p><span style=\"color: #000000;\">SEEhotel Friedrichshafen &#8211; das etwas andere Hotel am See.<br \/>\n<\/span>\n\t\t<\/div> \n\t<\/div> <\/div><div class=\"one-third\"><div class=\"w-slider\"><div class=\"fotorama\" id=\"slider_632679\" data-auto=\"false\" data-shadows=\"false\" data-glimpse=\"0\" data-margin=\"0\" data-loop=\"true\" data-swipe=\"true\" data-width=\"100%\" data-arrows=\"always\" data-nav=\"none\" data-transition=\"slide\" data-ratio=\"753\/500\"><a href=\"https:\/\/www.hotelberlin-sindelfingen.de\/wp-content\/uploads\/sites\/4\/2015\/08\/SEEhotel-aussen.jpg\"><img width=\"150\" height=\"150\" src=\"https:\/\/www.hotelberlin-sindelfingen.de\/wp-content\/uploads\/sites\/4\/2015\/08\/SEEhotel-aussen-150x150.jpg\" class=\"attachment-gallery-s size-gallery-s\" alt=\"\" decoding=\"async\" loading=\"lazy\" srcset=\"https:\/\/www.hotelberlin-sindelfingen.de\/wp-content\/uploads\/sites\/4\/2015\/08\/SEEhotel-aussen-150x150.jpg 150w, https:\/\/www.hotelberlin-sindelfingen.de\/wp-content\/uploads\/sites\/4\/2015\/08\/SEEhotel-aussen-350x350.jpg 350w\" sizes=\"(max-width: 150px) 100vw, 150px\" \/><\/a><a href=\"https:\/\/www.hotelberlin-sindelfingen.de\/wp-content\/uploads\/sites\/4\/2015\/08\/Rest_klein.jpg\"><img width=\"150\" height=\"150\" src=\"https:\/\/www.hotelberlin-sindelfingen.de\/wp-content\/uploads\/sites\/4\/2015\/08\/Rest_klein-150x150.jpg\" class=\"attachment-gallery-s size-gallery-s\" alt=\"\" decoding=\"async\" loading=\"lazy\" srcset=\"https:\/\/www.hotelberlin-sindelfingen.de\/wp-content\/uploads\/sites\/4\/2015\/08\/Rest_klein-150x150.jpg 150w, https:\/\/www.hotelberlin-sindelfingen.de\/wp-content\/uploads\/sites\/4\/2015\/08\/Rest_klein-300x300.jpg 300w, https:\/\/www.hotelberlin-sindelfingen.de\/wp-content\/uploads\/sites\/4\/2015\/08\/Rest_klein-350x350.jpg 350w, https:\/\/www.hotelberlin-sindelfingen.de\/wp-content\/uploads\/sites\/4\/2015\/08\/Rest_klein-400x400.jpg 400w, https:\/\/www.hotelberlin-sindelfingen.de\/wp-content\/uploads\/sites\/4\/2015\/08\/Rest_klein.jpg 480w\" sizes=\"(max-width: 150px) 100vw, 150px\" \/><\/a><a href=\"https:\/\/www.hotelberlin-sindelfingen.de\/wp-content\/uploads\/sites\/4\/2015\/08\/Treppenhaus-SEEhotel-FN.jpg\"><img width=\"150\" height=\"150\" src=\"https:\/\/www.hotelberlin-sindelfingen.de\/wp-content\/uploads\/sites\/4\/2015\/08\/Treppenhaus-SEEhotel-FN-150x150.jpg\" class=\"attachment-gallery-s size-gallery-s\" alt=\"\" decoding=\"async\" loading=\"lazy\" srcset=\"https:\/\/www.hotelberlin-sindelfingen.de\/wp-content\/uploads\/sites\/4\/2015\/08\/Treppenhaus-SEEhotel-FN-150x150.jpg 150w, https:\/\/www.hotelberlin-sindelfingen.de\/wp-content\/uploads\/sites\/4\/2015\/08\/Treppenhaus-SEEhotel-FN-600x600.jpg 600w, https:\/\/www.hotelberlin-sindelfingen.de\/wp-content\/uploads\/sites\/4\/2015\/08\/Treppenhaus-SEEhotel-FN-350x350.jpg 350w\" sizes=\"(max-width: 150px) 100vw, 150px\" \/><\/a><a href=\"https:\/\/www.hotelberlin-sindelfingen.de\/wp-content\/uploads\/sites\/4\/2015\/08\/Doppel-Superior1.jpg\"><img width=\"150\" height=\"150\" src=\"https:\/\/www.hotelberlin-sindelfingen.de\/wp-content\/uploads\/sites\/4\/2015\/08\/Doppel-Superior1-150x150.jpg\" class=\"attachment-gallery-s size-gallery-s\" alt=\"\" decoding=\"async\" loading=\"lazy\" srcset=\"https:\/\/www.hotelberlin-sindelfingen.de\/wp-content\/uploads\/sites\/4\/2015\/08\/Doppel-Superior1-150x150.jpg 150w, https:\/\/www.hotelberlin-sindelfingen.de\/wp-content\/uploads\/sites\/4\/2015\/08\/Doppel-Superior1-600x600.jpg 600w, https:\/\/www.hotelberlin-sindelfingen.de\/wp-content\/uploads\/sites\/4\/2015\/08\/Doppel-Superior1-350x350.jpg 350w\" sizes=\"(max-width: 150px) 100vw, 150px\" \/><\/a><\/div><\/div><\/div><\/div><!-- Row Backgrounds --><div class=\"upb_no_bg\" data-fadeout=\"\" data-fadeout-percentage=\"\" data-parallax-content=\"\" data-parallax-content-sense=\"\" data-row-effect-mobile-disable=\"true\" data-img-parallax-mobile-disable=\"true\" data-rtl=\"false\"  data-custom-vc-row=\"\"  data-vc=\"4.5.2\"  data-theme-support=\"\"    ><\/div>\n<\/div><\/div>","protected":false},"excerpt":{"rendered":"Die aZIS Hotels Die aZIS Hotelgruppe ist eine kleine, aber feine Gruppe von drei Hotels aus dem First-Class-Bereich mit Sitz der Verwaltung in Stuttgart. Unsere drei H\u00e4user - das SEEhotel in Friedrichshafen, das HOTEL BERLIN in Sindelfingen und das Hotel...","protected":false},"author":7,"featured_media":0,"parent":0,"menu_order":11,"comment_status":"closed","ping_status":"closed","template":"","meta":[],"yoast_head":"<title>aZIS Hotels - Quality is our strength. Three hotels in Germany<\/title>\n<meta name=\"description\" content=\"In all our three hotels - HOTEL BERLIN, SEEhotel and Hotel DER ACHTERMANN - we guarantee best quality and the feeling of being at home on the road.\" \/>\n<meta name=\"robots\" content=\"index, follow, max-snippet:-1, max-image-preview:large, max-video-preview:-1\" \/>\n<link rel=\"canonical\" href=\"https:\/\/www.hotelberlin-sindelfingen.de\/en\/partnerhotels\/\" \/>\n<meta property=\"og:locale\" content=\"en_US\" \/>\n<meta property=\"og:type\" content=\"article\" \/>\n<meta property=\"og:title\" content=\"aZIS Hotels - Quality is our strength. Three hotels in Germany\" \/>\n<meta property=\"og:description\" content=\"In all our three hotels - HOTEL BERLIN, SEEhotel and Hotel DER ACHTERMANN - we guarantee best quality and the feeling of being at home on the road.\" \/>\n<meta property=\"og:url\" content=\"https:\/\/www.hotelberlin-sindelfingen.de\/en\/partnerhotels\/\" \/>\n<meta property=\"og:site_name\" content=\"Hotel Berlin Sindelfingen\" \/>\n<meta property=\"article:modified_time\" content=\"2019-10-07T15:27:25+00:00\" \/>\n<meta name=\"twitter:card\" content=\"summary_large_image\" \/>\n<meta name=\"twitter:label1\" content=\"Est. reading time\" \/>\n\t<meta name=\"twitter:data1\" content=\"7 minutes\" \/>\n<script type=\"application\/ld+json\" class=\"yoast-schema-graph\">{\"@context\":\"https:\/\/schema.org\",\"@graph\":[{\"@type\":\"WebPage\",\"@id\":\"https:\/\/www.hotelberlin-sindelfingen.de\/en\/partnerhotels\/\",\"url\":\"https:\/\/www.hotelberlin-sindelfingen.de\/en\/partnerhotels\/\",\"name\":\"aZIS Hotels - Quality is our strength. Three hotels in Germany\",\"isPartOf\":{\"@id\":\"https:\/\/www.hotelberlin-sindelfingen.de\/#website\"},\"datePublished\":\"2015-08-27T08:16:49+00:00\",\"dateModified\":\"2019-10-07T15:27:25+00:00\",\"description\":\"In all our three hotels - HOTEL BERLIN, SEEhotel and Hotel DER ACHTERMANN - we guarantee best quality and the feeling of being at home on the road.\",\"breadcrumb\":{\"@id\":\"https:\/\/www.hotelberlin-sindelfingen.de\/en\/partnerhotels\/#breadcrumb\"},\"inLanguage\":\"en-US\",\"potentialAction\":[{\"@type\":\"ReadAction\",\"target\":[\"https:\/\/www.hotelberlin-sindelfingen.de\/en\/partnerhotels\/\"]}]},{\"@type\":\"BreadcrumbList\",\"@id\":\"https:\/\/www.hotelberlin-sindelfingen.de\/en\/partnerhotels\/#breadcrumb\",\"itemListElement\":[{\"@type\":\"ListItem\",\"position\":1,\"name\":\"Home\",\"item\":\"https:\/\/www.hotelberlin-sindelfingen.de\/en\/\"},{\"@type\":\"ListItem\",\"position\":2,\"name\":\"Partner Hotels\"}]},{\"@type\":\"WebSite\",\"@id\":\"https:\/\/www.hotelberlin-sindelfingen.de\/#website\",\"url\":\"https:\/\/www.hotelberlin-sindelfingen.de\/\",\"name\":\"Hotel Berlin Sindelfingen\",\"description\":\"Eine weitere aZIS Hotel-Gruppe Seite\",\"potentialAction\":[{\"@type\":\"SearchAction\",\"target\":{\"@type\":\"EntryPoint\",\"urlTemplate\":\"https:\/\/www.hotelberlin-sindelfingen.de\/?s={search_term_string}\"},\"query-input\":\"required name=search_term_string\"}],\"inLanguage\":\"en-US\"}]}<\/script>","yoast_head_json":{"title":"aZIS Hotels - Quality is our strength. Three hotels in Germany","description":"In all our three hotels - HOTEL BERLIN, SEEhotel and Hotel DER ACHTERMANN - we guarantee best quality and the feeling of being at home on the road.","robots":{"index":"index","follow":"follow","max-snippet":"max-snippet:-1","max-image-preview":"max-image-preview:large","max-video-preview":"max-video-preview:-1"},"canonical":"https:\/\/www.hotelberlin-sindelfingen.de\/en\/partnerhotels\/","og_locale":"en_US","og_type":"article","og_title":"aZIS Hotels - Quality is our strength. Three hotels in Germany","og_description":"In all our three hotels - HOTEL BERLIN, SEEhotel and Hotel DER ACHTERMANN - we guarantee best quality and the feeling of being at home on the road.","og_url":"https:\/\/www.hotelberlin-sindelfingen.de\/en\/partnerhotels\/","og_site_name":"Hotel Berlin Sindelfingen","article_modified_time":"2019-10-07T15:27:25+00:00","twitter_card":"summary_large_image","twitter_misc":{"Est. reading time":"7 minutes"},"schema":{"@context":"https:\/\/schema.org","@graph":[{"@type":"WebPage","@id":"https:\/\/www.hotelberlin-sindelfingen.de\/en\/partnerhotels\/","url":"https:\/\/www.hotelberlin-sindelfingen.de\/en\/partnerhotels\/","name":"aZIS Hotels - Quality is our strength. Three hotels in Germany","isPartOf":{"@id":"https:\/\/www.hotelberlin-sindelfingen.de\/#website"},"datePublished":"2015-08-27T08:16:49+00:00","dateModified":"2019-10-07T15:27:25+00:00","description":"In all our three hotels - HOTEL BERLIN, SEEhotel and Hotel DER ACHTERMANN - we guarantee best quality and the feeling of being at home on the road.","breadcrumb":{"@id":"https:\/\/www.hotelberlin-sindelfingen.de\/en\/partnerhotels\/#breadcrumb"},"inLanguage":"en-US","potentialAction":[{"@type":"ReadAction","target":["https:\/\/www.hotelberlin-sindelfingen.de\/en\/partnerhotels\/"]}]},{"@type":"BreadcrumbList","@id":"https:\/\/www.hotelberlin-sindelfingen.de\/en\/partnerhotels\/#breadcrumb","itemListElement":[{"@type":"ListItem","position":1,"name":"Home","item":"https:\/\/www.hotelberlin-sindelfingen.de\/en\/"},{"@type":"ListItem","position":2,"name":"Partner Hotels"}]},{"@type":"WebSite","@id":"https:\/\/www.hotelberlin-sindelfingen.de\/#website","url":"https:\/\/www.hotelberlin-sindelfingen.de\/","name":"Hotel Berlin Sindelfingen","description":"Eine weitere aZIS Hotel-Gruppe Seite","potentialAction":[{"@type":"SearchAction","target":{"@type":"EntryPoint","urlTemplate":"https:\/\/www.hotelberlin-sindelfingen.de\/?s={search_term_string}"},"query-input":"required name=search_term_string"}],"inLanguage":"en-US"}]}},"_links":{"self":[{"href":"https:\/\/www.hotelberlin-sindelfingen.de\/en\/wp-json\/wp\/v2\/pages\/699"}],"collection":[{"href":"https:\/\/www.hotelberlin-sindelfingen.de\/en\/wp-json\/wp\/v2\/pages"}],"about":[{"href":"https:\/\/www.hotelberlin-sindelfingen.de\/en\/wp-json\/wp\/v2\/types\/page"}],"author":[{"embeddable":true,"href":"https:\/\/www.hotelberlin-sindelfingen.de\/en\/wp-json\/wp\/v2\/users\/7"}],"replies":[{"embeddable":true,"href":"https:\/\/www.hotelberlin-sindelfingen.de\/en\/wp-json\/wp\/v2\/comments?post=699"}],"version-history":[{"count":3,"href":"https:\/\/www.hotelberlin-sindelfingen.de\/en\/wp-json\/wp\/v2\/pages\/699\/revisions"}],"predecessor-version":[{"id":860,"href":"https:\/\/www.hotelberlin-sindelfingen.de\/en\/wp-json\/wp\/v2\/pages\/699\/revisions\/860"}],"wp:attachment":[{"href":"https:\/\/www.hotelberlin-sindelfingen.de\/en\/wp-json\/wp\/v2\/media?parent=699"}],"curies":[{"name":"wp","href":"https:\/\/api.w.org\/{rel}","templated":true}]}}