{"id":701,"date":"2015-08-27T10:16:49","date_gmt":"2015-08-27T08:16:49","guid":{"rendered":"https:\/\/www.hotelberlin-sindelfingen.de\/en\/agb\/"},"modified":"2020-07-30T17:09:17","modified_gmt":"2020-07-30T15:09:17","slug":"agb","status":"publish","type":"page","link":"https:\/\/www.hotelberlin-sindelfingen.de\/en\/agb\/","title":{"rendered":"AGB"},"content":{"rendered":"<div class=\"l-submain wpb_row\"><div class=\"l-submain-h g-html i-cf\"><div class=\"g-cols wpb_row offset_default\"><div class=\"full-width\">\n\t<div class=\"wpb_text_column \">\n\t\t<div class=\"wpb_wrapper\">\n\t\t\t\n<h1 style=\"text-align: center;\">Allgemeine Gesch\u00e4ftsbedingungen<\/h1>\n\n\t\t<\/div> \n\t<\/div> <\/div><\/div><!-- Row Backgrounds --><div class=\"upb_no_bg\" data-fadeout=\"\" data-fadeout-percentage=\"\" data-parallax-content=\"\" data-parallax-content-sense=\"\" data-row-effect-mobile-disable=\"true\" data-img-parallax-mobile-disable=\"true\" data-rtl=\"false\"  data-custom-vc-row=\"\"  data-vc=\"4.5.2\"  data-theme-support=\"\"    ><\/div><div class=\"g-cols wpb_row offset_default\"><div class=\"full-width\"><div class=\"g-hr no_icon\">\r\n\t\t\t\t\t\t<span class=\"g-hr-h\">\r\n\t\t\t\t\t\t\t<i class=\"fa fa-\"><\/i>\r\n\t\t\t\t\t\t<\/span>\r\n\t\t\t\t\t<\/div><\/div><\/div><!-- Row Backgrounds --><div class=\"upb_no_bg\" data-fadeout=\"\" data-fadeout-percentage=\"\" data-parallax-content=\"\" data-parallax-content-sense=\"\" data-row-effect-mobile-disable=\"true\" data-img-parallax-mobile-disable=\"true\" data-rtl=\"false\"  data-custom-vc-row=\"\"  data-vc=\"4.5.2\"  data-theme-support=\"\"    ><\/div><div class=\"g-cols wpb_row offset_default\"><div class=\"one-half\">\n\t<div class=\"wpb_text_column \">\n\t\t<div class=\"wpb_wrapper\">\n\t\t\t\n<p><a href=\"https:\/\/www.hotelberlin-sindelfingen.de\/wp-content\/uploads\/sites\/4\/2020\/07\/AGB-Hotelaufnahmevertrag.pdf\" target=\"_blank\" rel=\"noopener\">AGB f\u00fcr den Hotelaufnahmevertrag<\/a><\/p>\n\n\t\t<\/div> \n\t<\/div> <\/div><div class=\"one-half\">\n\t<div class=\"wpb_text_column \">\n\t\t<div class=\"wpb_wrapper\">\n\t\t\t\n<p><a href=\"https:\/\/www.hotelberlin-sindelfingen.de\/wp-content\/uploads\/sites\/4\/2017\/03\/AGB-Veranstaltungen.pdf\" target=\"_blank\" rel=\"noopener\">AGB f\u00fcr Veranstaltungen<\/a><\/p>\n\n\t\t<\/div> \n\t<\/div> <\/div><\/div><!-- Row Backgrounds --><div class=\"upb_no_bg\" data-fadeout=\"\" data-fadeout-percentage=\"\" data-parallax-content=\"\" data-parallax-content-sense=\"\" data-row-effect-mobile-disable=\"true\" data-img-parallax-mobile-disable=\"true\" data-rtl=\"false\"  data-custom-vc-row=\"\"  data-vc=\"4.5.2\"  data-theme-support=\"\"    ><\/div>\n<\/div><\/div>","protected":false},"excerpt":{"rendered":"Allgemeine Gesch\u00e4ftsbedingungen AGB f\u00fcr den Hotelaufnahmevertrag AGB f\u00fcr Veranstaltungen","protected":false},"author":7,"featured_media":0,"parent":0,"menu_order":12,"comment_status":"closed","ping_status":"closed","template":"","meta":[],"yoast_head":"<title>AGB - Hotel Berlin Sindelfingen<\/title>\n<meta name=\"robots\" content=\"index, follow, max-snippet:-1, max-image-preview:large, max-video-preview:-1\" \/>\n<link rel=\"canonical\" href=\"https:\/\/www.hotelberlin-sindelfingen.de\/en\/agb\/\" \/>\n<meta property=\"og:locale\" content=\"en_US\" \/>\n<meta property=\"og:type\" content=\"article\" \/>\n<meta property=\"og:title\" content=\"AGB - Hotel Berlin Sindelfingen\" \/>\n<meta property=\"og:url\" content=\"https:\/\/www.hotelberlin-sindelfingen.de\/en\/agb\/\" \/>\n<meta property=\"og:site_name\" content=\"Hotel Berlin Sindelfingen\" \/>\n<meta property=\"article:modified_time\" content=\"2020-07-30T15:09:17+00:00\" \/>\n<meta name=\"twitter:card\" content=\"summary_large_image\" \/>\n<meta name=\"twitter:label1\" content=\"Est. reading time\" \/>\n\t<meta name=\"twitter:data1\" content=\"3 minutes\" \/>\n<script type=\"application\/ld+json\" class=\"yoast-schema-graph\">{\"@context\":\"https:\/\/schema.org\",\"@graph\":[{\"@type\":\"WebPage\",\"@id\":\"https:\/\/www.hotelberlin-sindelfingen.de\/en\/agb\/\",\"url\":\"https:\/\/www.hotelberlin-sindelfingen.de\/en\/agb\/\",\"name\":\"AGB - Hotel Berlin Sindelfingen\",\"isPartOf\":{\"@id\":\"https:\/\/www.hotelberlin-sindelfingen.de\/#website\"},\"datePublished\":\"2015-08-27T08:16:49+00:00\",\"dateModified\":\"2020-07-30T15:09:17+00:00\",\"breadcrumb\":{\"@id\":\"https:\/\/www.hotelberlin-sindelfingen.de\/en\/agb\/#breadcrumb\"},\"inLanguage\":\"en-US\",\"potentialAction\":[{\"@type\":\"ReadAction\",\"target\":[\"https:\/\/www.hotelberlin-sindelfingen.de\/en\/agb\/\"]}]},{\"@type\":\"BreadcrumbList\",\"@id\":\"https:\/\/www.hotelberlin-sindelfingen.de\/en\/agb\/#breadcrumb\",\"itemListElement\":[{\"@type\":\"ListItem\",\"position\":1,\"name\":\"Home\",\"item\":\"https:\/\/www.hotelberlin-sindelfingen.de\/en\/\"},{\"@type\":\"ListItem\",\"position\":2,\"name\":\"AGB\"}]},{\"@type\":\"WebSite\",\"@id\":\"https:\/\/www.hotelberlin-sindelfingen.de\/#website\",\"url\":\"https:\/\/www.hotelberlin-sindelfingen.de\/\",\"name\":\"Hotel Berlin Sindelfingen\",\"description\":\"Eine weitere aZIS Hotel-Gruppe Seite\",\"potentialAction\":[{\"@type\":\"SearchAction\",\"target\":{\"@type\":\"EntryPoint\",\"urlTemplate\":\"https:\/\/www.hotelberlin-sindelfingen.de\/?s={search_term_string}\"},\"query-input\":\"required name=search_term_string\"}],\"inLanguage\":\"en-US\"}]}<\/script>","yoast_head_json":{"title":"AGB - Hotel Berlin Sindelfingen","robots":{"index":"index","follow":"follow","max-snippet":"max-snippet:-1","max-image-preview":"max-image-preview:large","max-video-preview":"max-video-preview:-1"},"canonical":"https:\/\/www.hotelberlin-sindelfingen.de\/en\/agb\/","og_locale":"en_US","og_type":"article","og_title":"AGB - Hotel Berlin Sindelfingen","og_url":"https:\/\/www.hotelberlin-sindelfingen.de\/en\/agb\/","og_site_name":"Hotel Berlin Sindelfingen","article_modified_time":"2020-07-30T15:09:17+00:00","twitter_card":"summary_large_image","twitter_misc":{"Est. reading time":"3 minutes"},"schema":{"@context":"https:\/\/schema.org","@graph":[{"@type":"WebPage","@id":"https:\/\/www.hotelberlin-sindelfingen.de\/en\/agb\/","url":"https:\/\/www.hotelberlin-sindelfingen.de\/en\/agb\/","name":"AGB - Hotel Berlin Sindelfingen","isPartOf":{"@id":"https:\/\/www.hotelberlin-sindelfingen.de\/#website"},"datePublished":"2015-08-27T08:16:49+00:00","dateModified":"2020-07-30T15:09:17+00:00","breadcrumb":{"@id":"https:\/\/www.hotelberlin-sindelfingen.de\/en\/agb\/#breadcrumb"},"inLanguage":"en-US","potentialAction":[{"@type":"ReadAction","target":["https:\/\/www.hotelberlin-sindelfingen.de\/en\/agb\/"]}]},{"@type":"BreadcrumbList","@id":"https:\/\/www.hotelberlin-sindelfingen.de\/en\/agb\/#breadcrumb","itemListElement":[{"@type":"ListItem","position":1,"name":"Home","item":"https:\/\/www.hotelberlin-sindelfingen.de\/en\/"},{"@type":"ListItem","position":2,"name":"AGB"}]},{"@type":"WebSite","@id":"https:\/\/www.hotelberlin-sindelfingen.de\/#website","url":"https:\/\/www.hotelberlin-sindelfingen.de\/","name":"Hotel Berlin Sindelfingen","description":"Eine weitere aZIS Hotel-Gruppe Seite","potentialAction":[{"@type":"SearchAction","target":{"@type":"EntryPoint","urlTemplate":"https:\/\/www.hotelberlin-sindelfingen.de\/?s={search_term_string}"},"query-input":"required name=search_term_string"}],"inLanguage":"en-US"}]}},"_links":{"self":[{"href":"https:\/\/www.hotelberlin-sindelfingen.de\/en\/wp-json\/wp\/v2\/pages\/701"}],"collection":[{"href":"https:\/\/www.hotelberlin-sindelfingen.de\/en\/wp-json\/wp\/v2\/pages"}],"about":[{"href":"https:\/\/www.hotelberlin-sindelfingen.de\/en\/wp-json\/wp\/v2\/types\/page"}],"author":[{"embeddable":true,"href":"https:\/\/www.hotelberlin-sindelfingen.de\/en\/wp-json\/wp\/v2\/users\/7"}],"replies":[{"embeddable":true,"href":"https:\/\/www.hotelberlin-sindelfingen.de\/en\/wp-json\/wp\/v2\/comments?post=701"}],"version-history":[{"count":3,"href":"https:\/\/www.hotelberlin-sindelfingen.de\/en\/wp-json\/wp\/v2\/pages\/701\/revisions"}],"predecessor-version":[{"id":961,"href":"https:\/\/www.hotelberlin-sindelfingen.de\/en\/wp-json\/wp\/v2\/pages\/701\/revisions\/961"}],"wp:attachment":[{"href":"https:\/\/www.hotelberlin-sindelfingen.de\/en\/wp-json\/wp\/v2\/media?parent=701"}],"curies":[{"name":"wp","href":"https:\/\/api.w.org\/{rel}","templated":true}]}}